{"id":1517,"date":"2017-12-05T09:51:05","date_gmt":"2017-12-05T08:51:05","guid":{"rendered":"https:\/\/challenge-montpellier.com\/prize-money\/"},"modified":"2022-11-16T21:04:05","modified_gmt":"2022-11-16T21:04:05","slug":"prize-money","status":"publish","type":"page","link":"https:\/\/challenge-montpellier.com\/fr\/prize-money\/","title":{"rendered":"Dotations Pro"},"content":{"rendered":"<div class=\"wpb-content-wrapper\">[vc_row el_class=\u00a0\u00bbtime-schedule\u00a0\u00bb][vc_column][vc_column_text css=\u00a0\u00bb.vc_custom_1668632642302{margin-bottom: 0px !important;}\u00a0\u00bb]<strong><em>CHALLENGE <\/em><\/strong><em>Montpellier<\/em> disposera d&rsquo;une dotation totale de 50.000 \u20ac distribu\u00e9e aux 8 premi\u00e8res athl\u00e8tes femmes et aux 8 premiers athl\u00e8tes hommes.<br \/>\nLes dotations sont r\u00e9serv\u00e9es \u00e0 la division \u00e9lite\/pro. Vous devez d\u00e9tenir une licence pro avec Challenge Family pour \u00eatre admissible \u00e0 l&rsquo;une de ces dotations.<\/p>\n<table id=\"theTable\" class=\"footable table outerBorder footable-loaded isInnerColor\" style=\"width: 100%\">\n<tbody>\n<tr class=\"footableEven\">\n<td style=\"width: 20%\"><\/td>\n<td style=\"width: 20%\"><strong>Hommes<\/strong><\/td>\n<td style=\"width: 20%\"><strong>Femmes<\/strong><\/td>\n<\/tr>\n<tr class=\"footableOdd\">\n<td>1er<\/td>\n<td>\u20ac 6.000<\/td>\n<td>\u20ac 6.000<\/td>\n<\/tr>\n<tr class=\"footableEven\">\n<td>2\u00e8me<\/td>\n<td>\u20ac 3.900<\/td>\n<td>\u20ac 3.900<\/td>\n<\/tr>\n<tr class=\"footableOdd\">\n<td>3\u00e8me<\/td>\n<td>\u20ac 2.750<\/td>\n<td>\u20ac 2.750<\/td>\n<\/tr>\n<tr class=\"footableEven\">\n<td>4\u00e8me<\/td>\n<td>\u20ac 1.900<\/td>\n<td>\u20ac 1.190<\/td>\n<\/tr>\n<tr class=\"footableOdd\">\n<td>5\u00e8me<\/td>\n<td>\u20ac 1.500<\/td>\n<td>\u20ac 1.500<\/td>\n<\/tr>\n<tr class=\"footableOdd\">\n<td>6\u00e8me<\/td>\n<td>\u20ac 1.200<\/td>\n<td>\u20ac 1.200<\/td>\n<\/tr>\n<tr class=\"footableOdd\">\n<td>7\u00e8me<\/td>\n<td>\u20ac 1.000<\/td>\n<td>\u20ac 1.000<\/td>\n<\/tr>\n<tr class=\"footableOdd\">\n<td>8\u00e8me<\/td>\n<td>\u20ac 800<\/td>\n<td>\u20ac 800<\/td>\n<\/tr>\n<\/tbody>\n<\/table>\n<p>Soit un total de 38.000 \u20ac. Les 12 000 \u20ac restants seront vers\u00e9s au<em><strong> CHALLENGE<\/strong>FAMILY<\/em> World Bonus.[\/vc_column_text][\/vc_column][\/vc_row]\n<\/div>","protected":false},"excerpt":{"rendered":"<p>[vc_row el_class=\u00a0\u00bbtime-schedule\u00a0\u00bb][vc_column][vc_column_text css=\u00a0\u00bb.vc_custom_1668632642302{margin-bottom: 0px !important;}\u00a0\u00bb]CHALLENGE Montpellier disposera d&rsquo;une dotation totale de 50.000 \u20ac distribu\u00e9e aux 8 premi\u00e8res athl\u00e8tes femmes et aux 8 premiers athl\u00e8tes hommes. Les dotations sont r\u00e9serv\u00e9es \u00e0 la division \u00e9lite\/pro. Vous devez d\u00e9tenir une licence pro avec Challenge Family pour \u00eatre admissible \u00e0 l&rsquo;une de ces dotations. Hommes Femmes 1er \u20ac 6.000 [&hellip;]<\/p>\n","protected":false},"author":5,"featured_media":0,"parent":0,"menu_order":0,"comment_status":"closed","ping_status":"closed","template":"","meta":{"footnotes":""},"class_list":["post-1517","page","type-page","status-publish","hentry"],"yoast_head":"<!-- This site is optimized with the Yoast SEO plugin v25.6 - https:\/\/yoast.com\/wordpress\/plugins\/seo\/ -->\n<title>Dotations Pro - Challenge Montpellier<\/title>\n<meta name=\"robots\" content=\"index, follow, max-snippet:-1, max-image-preview:large, max-video-preview:-1\" \/>\n<link rel=\"canonical\" href=\"https:\/\/challenge-montpellier.com\/fr\/prize-money\/\" \/>\n<meta property=\"og:locale\" content=\"fr_FR\" \/>\n<meta property=\"og:type\" content=\"article\" \/>\n<meta property=\"og:title\" content=\"Dotations Pro - Challenge Montpellier\" \/>\n<meta property=\"og:description\" content=\"[vc_row el_class=\u00a0\u00bbtime-schedule\u00a0\u00bb][vc_column][vc_column_text css=\u00a0\u00bb.vc_custom_1668632642302{margin-bottom: 0px !important;}\u00a0\u00bb]CHALLENGE Montpellier disposera d&rsquo;une dotation totale de 50.000 \u20ac distribu\u00e9e aux 8 premi\u00e8res athl\u00e8tes femmes et aux 8 premiers athl\u00e8tes hommes. Les dotations sont r\u00e9serv\u00e9es \u00e0 la division \u00e9lite\/pro. Vous devez d\u00e9tenir une licence pro avec Challenge Family pour \u00eatre admissible \u00e0 l&rsquo;une de ces dotations. Hommes Femmes 1er \u20ac 6.000 [&hellip;]\" \/>\n<meta property=\"og:url\" content=\"https:\/\/challenge-montpellier.com\/fr\/prize-money\/\" \/>\n<meta property=\"og:site_name\" content=\"Challenge Montpellier\" \/>\n<meta property=\"article:modified_time\" content=\"2022-11-16T21:04:05+00:00\" \/>\n<meta name=\"twitter:card\" content=\"summary_large_image\" \/>\n<meta name=\"twitter:label1\" content=\"Dur\u00e9e de lecture estim\u00e9e\" \/>\n\t<meta name=\"twitter:data1\" content=\"1 minute\" \/>\n<script type=\"application\/ld+json\" class=\"yoast-schema-graph\">{\"@context\":\"https:\/\/schema.org\",\"@graph\":[{\"@type\":\"WebPage\",\"@id\":\"https:\/\/challenge-montpellier.com\/fr\/prize-money\/\",\"url\":\"https:\/\/challenge-montpellier.com\/fr\/prize-money\/\",\"name\":\"Dotations Pro - Challenge Montpellier\",\"isPartOf\":{\"@id\":\"https:\/\/challenge-montpellier.com\/#website\"},\"datePublished\":\"2017-12-05T08:51:05+00:00\",\"dateModified\":\"2022-11-16T21:04:05+00:00\",\"breadcrumb\":{\"@id\":\"https:\/\/challenge-montpellier.com\/fr\/prize-money\/#breadcrumb\"},\"inLanguage\":\"fr-FR\",\"potentialAction\":[{\"@type\":\"ReadAction\",\"target\":[\"https:\/\/challenge-montpellier.com\/fr\/prize-money\/\"]}]},{\"@type\":\"BreadcrumbList\",\"@id\":\"https:\/\/challenge-montpellier.com\/fr\/prize-money\/#breadcrumb\",\"itemListElement\":[{\"@type\":\"ListItem\",\"position\":1,\"name\":\"Home\",\"item\":\"https:\/\/challenge-montpellier.com\/fr\/\"},{\"@type\":\"ListItem\",\"position\":2,\"name\":\"Dotations Pro\"}]},{\"@type\":\"WebSite\",\"@id\":\"https:\/\/challenge-montpellier.com\/#website\",\"url\":\"https:\/\/challenge-montpellier.com\/\",\"name\":\"Challenge Montpellier\",\"description\":\"We are triathlon\",\"potentialAction\":[{\"@type\":\"SearchAction\",\"target\":{\"@type\":\"EntryPoint\",\"urlTemplate\":\"https:\/\/challenge-montpellier.com\/?s={search_term_string}\"},\"query-input\":{\"@type\":\"PropertyValueSpecification\",\"valueRequired\":true,\"valueName\":\"search_term_string\"}}],\"inLanguage\":\"fr-FR\"}]}<\/script>\n<!-- \/ Yoast SEO plugin. -->","yoast_head_json":{"title":"Dotations Pro - Challenge Montpellier","robots":{"index":"index","follow":"follow","max-snippet":"max-snippet:-1","max-image-preview":"max-image-preview:large","max-video-preview":"max-video-preview:-1"},"canonical":"https:\/\/challenge-montpellier.com\/fr\/prize-money\/","og_locale":"fr_FR","og_type":"article","og_title":"Dotations Pro - Challenge Montpellier","og_description":"[vc_row el_class=\u00a0\u00bbtime-schedule\u00a0\u00bb][vc_column][vc_column_text css=\u00a0\u00bb.vc_custom_1668632642302{margin-bottom: 0px !important;}\u00a0\u00bb]CHALLENGE Montpellier disposera d&rsquo;une dotation totale de 50.000 \u20ac distribu\u00e9e aux 8 premi\u00e8res athl\u00e8tes femmes et aux 8 premiers athl\u00e8tes hommes. Les dotations sont r\u00e9serv\u00e9es \u00e0 la division \u00e9lite\/pro. Vous devez d\u00e9tenir une licence pro avec Challenge Family pour \u00eatre admissible \u00e0 l&rsquo;une de ces dotations. Hommes Femmes 1er \u20ac 6.000 [&hellip;]","og_url":"https:\/\/challenge-montpellier.com\/fr\/prize-money\/","og_site_name":"Challenge Montpellier","article_modified_time":"2022-11-16T21:04:05+00:00","twitter_card":"summary_large_image","twitter_misc":{"Dur\u00e9e de lecture estim\u00e9e":"1 minute"},"schema":{"@context":"https:\/\/schema.org","@graph":[{"@type":"WebPage","@id":"https:\/\/challenge-montpellier.com\/fr\/prize-money\/","url":"https:\/\/challenge-montpellier.com\/fr\/prize-money\/","name":"Dotations Pro - Challenge Montpellier","isPartOf":{"@id":"https:\/\/challenge-montpellier.com\/#website"},"datePublished":"2017-12-05T08:51:05+00:00","dateModified":"2022-11-16T21:04:05+00:00","breadcrumb":{"@id":"https:\/\/challenge-montpellier.com\/fr\/prize-money\/#breadcrumb"},"inLanguage":"fr-FR","potentialAction":[{"@type":"ReadAction","target":["https:\/\/challenge-montpellier.com\/fr\/prize-money\/"]}]},{"@type":"BreadcrumbList","@id":"https:\/\/challenge-montpellier.com\/fr\/prize-money\/#breadcrumb","itemListElement":[{"@type":"ListItem","position":1,"name":"Home","item":"https:\/\/challenge-montpellier.com\/fr\/"},{"@type":"ListItem","position":2,"name":"Dotations Pro"}]},{"@type":"WebSite","@id":"https:\/\/challenge-montpellier.com\/#website","url":"https:\/\/challenge-montpellier.com\/","name":"Challenge Montpellier","description":"We are triathlon","potentialAction":[{"@type":"SearchAction","target":{"@type":"EntryPoint","urlTemplate":"https:\/\/challenge-montpellier.com\/?s={search_term_string}"},"query-input":{"@type":"PropertyValueSpecification","valueRequired":true,"valueName":"search_term_string"}}],"inLanguage":"fr-FR"}]}},"_links":{"self":[{"href":"https:\/\/challenge-montpellier.com\/fr\/wp-json\/wp\/v2\/pages\/1517"}],"collection":[{"href":"https:\/\/challenge-montpellier.com\/fr\/wp-json\/wp\/v2\/pages"}],"about":[{"href":"https:\/\/challenge-montpellier.com\/fr\/wp-json\/wp\/v2\/types\/page"}],"author":[{"embeddable":true,"href":"https:\/\/challenge-montpellier.com\/fr\/wp-json\/wp\/v2\/users\/5"}],"replies":[{"embeddable":true,"href":"https:\/\/challenge-montpellier.com\/fr\/wp-json\/wp\/v2\/comments?post=1517"}],"version-history":[{"count":5,"href":"https:\/\/challenge-montpellier.com\/fr\/wp-json\/wp\/v2\/pages\/1517\/revisions"}],"predecessor-version":[{"id":1534,"href":"https:\/\/challenge-montpellier.com\/fr\/wp-json\/wp\/v2\/pages\/1517\/revisions\/1534"}],"wp:attachment":[{"href":"https:\/\/challenge-montpellier.com\/fr\/wp-json\/wp\/v2\/media?parent=1517"}],"curies":[{"name":"wp","href":"https:\/\/api.w.org\/{rel}","templated":true}]}}