{"id":1503,"date":"2022-10-27T11:48:25","date_gmt":"2022-10-27T11:48:25","guid":{"rendered":"https:\/\/challenge-montpellier.com\/?page_id=1503"},"modified":"2022-12-20T09:07:25","modified_gmt":"2022-12-20T09:07:25","slug":"sejour-et-hebergement","status":"publish","type":"page","link":"https:\/\/challenge-montpellier.com\/fr\/sejour-et-hebergement\/","title":{"rendered":"S\u00e9jour et h\u00e9bergement"},"content":{"rendered":"<div class=\"wpb-content-wrapper\">[vc_row el_class=\u00a0\u00bbtime-schedule\u00a0\u00bb][vc_column][vc_column_text css=\u00a0\u00bb.vc_custom_1666871358548{margin-bottom: 0px !important;}\u00a0\u00bb]La date est fix\u00e9e, tous \u00e0 vos agendas. Le label \u00ab\u00a0CHALLENGE Family, we are triathlon\u00a0\u00bb inaugurera sa premi\u00e8re et seule course en France.\u00a0<strong>Rendez-vous le 7 mai 2023\u00a0<\/strong>\u00e0 Montpellier, dans l\u2019H\u00e9rault. Venez relever le d\u00e9fi en Occitanie sur des parcours pens\u00e9s par des triathl\u00e8tes et pour des triathl\u00e8tes.<\/p>\n<p>Au programme de ce weekend triathlon, 3 courses : un\u00a0<strong>Middle Distance<\/strong>, un\u00a0<strong>Long Distance<\/strong>\u00a0et un\u00a0<strong>Relais Middle Distance<\/strong>.<\/p>\n<p>Le d\u00e9part de la natation sera donn\u00e9 sur les bords de la\u00a0<strong>M\u00e9diterran\u00e9e<\/strong>, puis les v\u00e9lo prendra place dans l\u2019<strong>arri\u00e8re-pays montpellierain<\/strong>\u00a0alternant difficult\u00e9s et parties roulantes, pour enfin terminer par la course \u00e0 pied en\u00a0<strong>coeur de ville<\/strong>.<\/p>\n<p>Venez d\u00e9passer vos limites sur le \u00ab\u00a0<strong>CHALLENGE Montpellier<\/strong>\u00a0\u00bb ![\/vc_column_text][vc_separator][vc_column_text css=\u00a0\u00bb.vc_custom_1666874035460{margin-bottom: 0px !important;}\u00a0\u00bb]Vivez l&rsquo;exp\u00e9rience Challenge Montpellier de la meilleure des mani\u00e8res en profitant des promotions propos\u00e9es par nos partenaires en h\u00e9bergement.[\/vc_column_text][\/vc_column][\/vc_row][vc_row][vc_column width=\u00a0\u00bb1\/2&Prime;][vc_single_image source=\u00a0\u00bbexternal_link\u00a0\u00bb custom_src=\u00a0\u00bbhttps:\/\/cdn.vacanceselect.com\/_th_\/media\/ALL\/img\/etabs\/gallery\/201\/high\/01.jpg?width=900&amp;height=600&Prime;][vc_column_text css=\u00a0\u00bb.vc_custom_1666871479506{margin-bottom: 0px !important;}\u00a0\u00bb]S\u00e9journez \u00e0 1 min \u00e0 pied du d\u00e9part natation !<\/p>\n<p>Situ\u00e9 au bout d\u2019un port de plaisance d&rsquo;une beaut\u00e9 unique, entre la rivi\u00e8re Lez, le lac du Pr\u00e9vost et la\u00a0<strong>mer M\u00e9diterran\u00e9e<\/strong>, le\u00a0<strong>camping Le Palavas<\/strong>\u00a0est l&rsquo;endroit id\u00e9al pour des vacances ensoleill\u00e9es en famille. Cette station 4 \u00e9toiles situ\u00e9e sur le joli manteau de l&rsquo;H\u00e9rault, dans le\u00a0<strong>Languedoc-Roussillon<\/strong>, dispose d&rsquo;excellents \u00e9quipements et d&rsquo;un cadre baln\u00e9aire exceptionnel.<\/p>\n<p>R\u00e9servez votre location pour la p\u00e9riode du 5 au 8\/05\/2023, par t\u00e9l\u00e9phone ou en ligne avec le code TRIATH23[\/vc_column_text][vc_btn title=\u00a0\u00bbJe r\u00e9serve\u00a0\u00bb style=\u00a0\u00bbflat\u00a0\u00bb shape=\u00a0\u00bbsquare\u00a0\u00bb color=\u00a0\u00bbdanger\u00a0\u00bb align=\u00a0\u00bbcenter\u00a0\u00bb i_icon_fontawesome=\u00a0\u00bbfar fa-hand-point-right\u00a0\u00bb add_icon=\u00a0\u00bbtrue\u00a0\u00bb link=\u00a0\u00bburl:https%3A%2F%2Fwww.tohapi.fr%2Flanguedoc-roussillon%2Fcamping-le-palavas.php|target:_blank\u00a0\u00bb el_class=\u00a0\u00bbredChallenge\u00a0\u00bb][\/vc_column][vc_column width=\u00a0\u00bb1\/2&Prime;][vc_single_image source=\u00a0\u00bbexternal_link\u00a0\u00bb alignment=\u00a0\u00bbcenter\u00a0\u00bb custom_src=\u00a0\u00bbhttps:\/\/www.ahstatic.com\/photos\/0450_ho_00_p_1024x768.jpg\u00a0\u00bb][vc_column_text css=\u00a0\u00bb.vc_custom_1666871527326{margin-bottom: 0px !important;}\u00a0\u00bb]Confort et luxe, voici les ma\u00eetres mots propos\u00e9s par le groupe Accor pour vous accueillir lors de l&rsquo;\u00e9v\u00e9nement Challenge Montpellier.<\/p>\n<p>Choisissez votre h\u00e9bergement parmi des dizaines d&rsquo;h\u00f4tels ou d&rsquo;appartements et la dur\u00e9e de votre s\u00e9jour et b\u00e9n\u00e9ficiez des promotions propos\u00e9es par le groupe Accor.[\/vc_column_text][vc_btn title=\u00a0\u00bbJe r\u00e9serve\u00a0\u00bb style=\u00a0\u00bbflat\u00a0\u00bb shape=\u00a0\u00bbsquare\u00a0\u00bb color=\u00a0\u00bbdanger\u00a0\u00bb align=\u00a0\u00bbcenter\u00a0\u00bb i_icon_fontawesome=\u00a0\u00bbfar fa-hand-point-right\u00a0\u00bb add_icon=\u00a0\u00bbtrue\u00a0\u00bb link=\u00a0\u00bburl:https%3A%2F%2Fbit.ly%2F3fQbRBh|target:_blank\u00a0\u00bb el_class=\u00a0\u00bbredChallenge\u00a0\u00bb][\/vc_column][\/vc_row][vc_row][vc_column][vc_separator][\/vc_column][\/vc_row][vc_row][vc_column width=\u00a0\u00bb1\/4&Prime;][vc_single_image image=\u00a0\u00bb1536&Prime; img_size=\u00a0\u00bbfull\u00a0\u00bb onclick=\u00a0\u00bblink_image\u00a0\u00bb][\/vc_column][vc_column width=\u00a0\u00bb3\/4&Prime;][vc_column_text css=\u00a0\u00bb.vc_custom_1671527240733{margin-bottom: 0px !important;}\u00a0\u00bb]Pour participer \u00e0 Challenge Montpellier, r\u00e9servez votre h\u00e9bergement et votre moyen de transport. Montpellier est en liaison direct avec 10 a\u00e9roports fran\u00e7ais mais \u00e9galement 22 villes \u00e9trang\u00e8res dans 14 pays diff\u00e9rents.<\/p>\n<p>Rejoignez Montpellier en avion depuis les 10 a\u00e9roports suivant : Ajaccio, Bastia, Brest, Caen, Lille, Nantes, Paris CDG, Paris Orly, Rennes, Strasbourg.<\/p>\n<p>Depuis l&rsquo;\u00e9trange, atterrissez directement dans le sud de la France depuis l&rsquo;Alg\u00e9rie et les a\u00e9roports d&rsquo;Alger ou d&rsquo;Oran, depuis l&rsquo;Allemagne \u00e0 Berlin, depuis le Danemark \u00e0 Copenhague, depuis l&rsquo;Espagne et les a\u00e9roports de Madrid ou de S\u00e9ville, depuis la Gr\u00e8ce et les a\u00e9roports d&rsquo;Ath\u00e8nes et d&rsquo;H\u00e9raklion, depuis l&rsquo;Italie \u00e0 Rome Fiumicino, depuis le Luxembourg, depuis le Maroc et les a\u00e9roports de : Casablanca, F\u00e8s, Marrakech et Nador, depuis les Pays-Bas et les a\u00e9roport d&rsquo;Amsterdam et de Rotterdam, depuis le Portugal \u00e0 Lisbonne, depuis le Royaume-Uni et les a\u00e9roports de Londres Gatwick et Londres Luton, depuis la Suisse \u00e0 B\u00e2le, depuis la Su\u00e8de \u00e0 Stockholm ou encore depuis la Tunisie \u00e0 Tunis.<\/p>\n<p>Pour plus d&rsquo;information, consultez le site de l&rsquo;a\u00e9roport de Montpellier : <a href=\"https:\/\/www.montpellier.aeroport.fr\/vols-destinations\/liste-vols-destinations-directs-montpellier\/\">https:\/\/www.montpellier.aeroport.fr\/vols-destinations\/liste-vols-destinations-directs-montpellier\/<\/a>[\/vc_column_text][\/vc_column][\/vc_row]\n<\/div>","protected":false},"excerpt":{"rendered":"<p>[vc_row el_class=\u00a0\u00bbtime-schedule\u00a0\u00bb][vc_column][vc_column_text css=\u00a0\u00bb.vc_custom_1666871358548{margin-bottom: 0px !important;}\u00a0\u00bb]La date est fix\u00e9e, tous \u00e0 vos agendas. Le label \u00ab\u00a0CHALLENGE Family, we are triathlon\u00a0\u00bb inaugurera sa premi\u00e8re et seule course en France.\u00a0Rendez-vous le 7 mai 2023\u00a0\u00e0 Montpellier, dans l\u2019H\u00e9rault. Venez relever le d\u00e9fi en Occitanie sur des parcours pens\u00e9s par des triathl\u00e8tes et pour des triathl\u00e8tes. Au programme de ce [&hellip;]<\/p>\n","protected":false},"author":141,"featured_media":0,"parent":0,"menu_order":0,"comment_status":"closed","ping_status":"closed","template":"","meta":{"footnotes":""},"class_list":["post-1503","page","type-page","status-publish","hentry"],"yoast_head":"<!-- This site is optimized with the Yoast SEO plugin v25.6 - https:\/\/yoast.com\/wordpress\/plugins\/seo\/ -->\n<title>S\u00e9jour et h\u00e9bergement - Challenge Montpellier<\/title>\n<meta name=\"robots\" content=\"index, follow, max-snippet:-1, max-image-preview:large, max-video-preview:-1\" \/>\n<link rel=\"canonical\" href=\"https:\/\/challenge-montpellier.com\/fr\/sejour-et-hebergement\/\" \/>\n<meta property=\"og:locale\" content=\"fr_FR\" \/>\n<meta property=\"og:type\" content=\"article\" \/>\n<meta property=\"og:title\" content=\"S\u00e9jour et h\u00e9bergement - Challenge Montpellier\" \/>\n<meta property=\"og:description\" content=\"[vc_row el_class=\u00a0\u00bbtime-schedule\u00a0\u00bb][vc_column][vc_column_text css=\u00a0\u00bb.vc_custom_1666871358548{margin-bottom: 0px !important;}\u00a0\u00bb]La date est fix\u00e9e, tous \u00e0 vos agendas. Le label \u00ab\u00a0CHALLENGE Family, we are triathlon\u00a0\u00bb inaugurera sa premi\u00e8re et seule course en France.\u00a0Rendez-vous le 7 mai 2023\u00a0\u00e0 Montpellier, dans l\u2019H\u00e9rault. Venez relever le d\u00e9fi en Occitanie sur des parcours pens\u00e9s par des triathl\u00e8tes et pour des triathl\u00e8tes. Au programme de ce [&hellip;]\" \/>\n<meta property=\"og:url\" content=\"https:\/\/challenge-montpellier.com\/fr\/sejour-et-hebergement\/\" \/>\n<meta property=\"og:site_name\" content=\"Challenge Montpellier\" \/>\n<meta property=\"article:modified_time\" content=\"2022-12-20T09:07:25+00:00\" \/>\n<meta name=\"twitter:card\" content=\"summary_large_image\" \/>\n<meta name=\"twitter:label1\" content=\"Dur\u00e9e de lecture estim\u00e9e\" \/>\n\t<meta name=\"twitter:data1\" content=\"2 minutes\" \/>\n<script type=\"application\/ld+json\" class=\"yoast-schema-graph\">{\"@context\":\"https:\/\/schema.org\",\"@graph\":[{\"@type\":\"WebPage\",\"@id\":\"https:\/\/challenge-montpellier.com\/fr\/sejour-et-hebergement\/\",\"url\":\"https:\/\/challenge-montpellier.com\/fr\/sejour-et-hebergement\/\",\"name\":\"S\u00e9jour et h\u00e9bergement - Challenge Montpellier\",\"isPartOf\":{\"@id\":\"https:\/\/challenge-montpellier.com\/#website\"},\"datePublished\":\"2022-10-27T11:48:25+00:00\",\"dateModified\":\"2022-12-20T09:07:25+00:00\",\"breadcrumb\":{\"@id\":\"https:\/\/challenge-montpellier.com\/fr\/sejour-et-hebergement\/#breadcrumb\"},\"inLanguage\":\"fr-FR\",\"potentialAction\":[{\"@type\":\"ReadAction\",\"target\":[\"https:\/\/challenge-montpellier.com\/fr\/sejour-et-hebergement\/\"]}]},{\"@type\":\"BreadcrumbList\",\"@id\":\"https:\/\/challenge-montpellier.com\/fr\/sejour-et-hebergement\/#breadcrumb\",\"itemListElement\":[{\"@type\":\"ListItem\",\"position\":1,\"name\":\"Home\",\"item\":\"https:\/\/challenge-montpellier.com\/fr\/\"},{\"@type\":\"ListItem\",\"position\":2,\"name\":\"S\u00e9jour et h\u00e9bergement\"}]},{\"@type\":\"WebSite\",\"@id\":\"https:\/\/challenge-montpellier.com\/#website\",\"url\":\"https:\/\/challenge-montpellier.com\/\",\"name\":\"Challenge Montpellier\",\"description\":\"We are triathlon\",\"potentialAction\":[{\"@type\":\"SearchAction\",\"target\":{\"@type\":\"EntryPoint\",\"urlTemplate\":\"https:\/\/challenge-montpellier.com\/?s={search_term_string}\"},\"query-input\":{\"@type\":\"PropertyValueSpecification\",\"valueRequired\":true,\"valueName\":\"search_term_string\"}}],\"inLanguage\":\"fr-FR\"}]}<\/script>\n<!-- \/ Yoast SEO plugin. -->","yoast_head_json":{"title":"S\u00e9jour et h\u00e9bergement - Challenge Montpellier","robots":{"index":"index","follow":"follow","max-snippet":"max-snippet:-1","max-image-preview":"max-image-preview:large","max-video-preview":"max-video-preview:-1"},"canonical":"https:\/\/challenge-montpellier.com\/fr\/sejour-et-hebergement\/","og_locale":"fr_FR","og_type":"article","og_title":"S\u00e9jour et h\u00e9bergement - Challenge Montpellier","og_description":"[vc_row el_class=\u00a0\u00bbtime-schedule\u00a0\u00bb][vc_column][vc_column_text css=\u00a0\u00bb.vc_custom_1666871358548{margin-bottom: 0px !important;}\u00a0\u00bb]La date est fix\u00e9e, tous \u00e0 vos agendas. Le label \u00ab\u00a0CHALLENGE Family, we are triathlon\u00a0\u00bb inaugurera sa premi\u00e8re et seule course en France.\u00a0Rendez-vous le 7 mai 2023\u00a0\u00e0 Montpellier, dans l\u2019H\u00e9rault. Venez relever le d\u00e9fi en Occitanie sur des parcours pens\u00e9s par des triathl\u00e8tes et pour des triathl\u00e8tes. Au programme de ce [&hellip;]","og_url":"https:\/\/challenge-montpellier.com\/fr\/sejour-et-hebergement\/","og_site_name":"Challenge Montpellier","article_modified_time":"2022-12-20T09:07:25+00:00","twitter_card":"summary_large_image","twitter_misc":{"Dur\u00e9e de lecture estim\u00e9e":"2 minutes"},"schema":{"@context":"https:\/\/schema.org","@graph":[{"@type":"WebPage","@id":"https:\/\/challenge-montpellier.com\/fr\/sejour-et-hebergement\/","url":"https:\/\/challenge-montpellier.com\/fr\/sejour-et-hebergement\/","name":"S\u00e9jour et h\u00e9bergement - Challenge Montpellier","isPartOf":{"@id":"https:\/\/challenge-montpellier.com\/#website"},"datePublished":"2022-10-27T11:48:25+00:00","dateModified":"2022-12-20T09:07:25+00:00","breadcrumb":{"@id":"https:\/\/challenge-montpellier.com\/fr\/sejour-et-hebergement\/#breadcrumb"},"inLanguage":"fr-FR","potentialAction":[{"@type":"ReadAction","target":["https:\/\/challenge-montpellier.com\/fr\/sejour-et-hebergement\/"]}]},{"@type":"BreadcrumbList","@id":"https:\/\/challenge-montpellier.com\/fr\/sejour-et-hebergement\/#breadcrumb","itemListElement":[{"@type":"ListItem","position":1,"name":"Home","item":"https:\/\/challenge-montpellier.com\/fr\/"},{"@type":"ListItem","position":2,"name":"S\u00e9jour et h\u00e9bergement"}]},{"@type":"WebSite","@id":"https:\/\/challenge-montpellier.com\/#website","url":"https:\/\/challenge-montpellier.com\/","name":"Challenge Montpellier","description":"We are triathlon","potentialAction":[{"@type":"SearchAction","target":{"@type":"EntryPoint","urlTemplate":"https:\/\/challenge-montpellier.com\/?s={search_term_string}"},"query-input":{"@type":"PropertyValueSpecification","valueRequired":true,"valueName":"search_term_string"}}],"inLanguage":"fr-FR"}]}},"_links":{"self":[{"href":"https:\/\/challenge-montpellier.com\/fr\/wp-json\/wp\/v2\/pages\/1503"}],"collection":[{"href":"https:\/\/challenge-montpellier.com\/fr\/wp-json\/wp\/v2\/pages"}],"about":[{"href":"https:\/\/challenge-montpellier.com\/fr\/wp-json\/wp\/v2\/types\/page"}],"author":[{"embeddable":true,"href":"https:\/\/challenge-montpellier.com\/fr\/wp-json\/wp\/v2\/users\/141"}],"replies":[{"embeddable":true,"href":"https:\/\/challenge-montpellier.com\/fr\/wp-json\/wp\/v2\/comments?post=1503"}],"version-history":[{"count":9,"href":"https:\/\/challenge-montpellier.com\/fr\/wp-json\/wp\/v2\/pages\/1503\/revisions"}],"predecessor-version":[{"id":1539,"href":"https:\/\/challenge-montpellier.com\/fr\/wp-json\/wp\/v2\/pages\/1503\/revisions\/1539"}],"wp:attachment":[{"href":"https:\/\/challenge-montpellier.com\/fr\/wp-json\/wp\/v2\/media?parent=1503"}],"curies":[{"name":"wp","href":"https:\/\/api.w.org\/{rel}","templated":true}]}}