{"id":1285,"date":"2022-05-11T14:36:36","date_gmt":"2022-05-11T14:36:36","guid":{"rendered":"https:\/\/challenge-montpellier.com\/?page_id=1285"},"modified":"2022-05-11T14:38:13","modified_gmt":"2022-05-11T14:38:13","slug":"qualification-pour-thechampionship","status":"publish","type":"page","link":"https:\/\/challenge-montpellier.com\/fr\/qualification-pour-thechampionship\/","title":{"rendered":"Qualification pour THECHAMPIONSHIP"},"content":{"rendered":"<div class=\"wpb-content-wrapper\">[vc_row el_class=\u00a0\u00bbtime-schedule\u00a0\u00bb][vc_column][vc_column_text css=\u00a0\u00bb.vc_custom_1652279890861{margin-bottom: 0px !important;}\u00a0\u00bb]<strong>CHALLENGE<\/strong> Montpellier fait partie des courses qualificatives pour <strong>THECHAMPIONSHIP<\/strong>. Au total 72 places permettent de se qualifier pour l&rsquo;\u00e9dition 2023 de THECHAMPIONSHIP<\/p>\n<ul>\n<li>Une place pour chacun des six (6) premiers de chaque groupe d&rsquo;\u00e2ge masculin et f\u00e9minin aux courses <strong><em>CHALLENGE<\/em><\/strong><em>FAMILY <\/em>Middle et Long Distance.<\/li>\n<li>Les slots se transmettront dans chaque cat\u00e9gorie jusqu&rsquo;\u00e0 la 12e place.<\/li>\n<li>Les qualifi\u00e9s auront quatre (4) semaines pour confirmer leur place apr\u00e8s la course de qualification.<\/li>\n<li>Les qualifi\u00e9s recevront leur cr\u00e9neau par e-mail apr\u00e8s la course.<\/li>\n<\/ul>\n<p><strong>Slots pour les athl\u00e8tes professionnels Challenge Family<\/strong><\/p>\n<ul>\n<li>Un slot pour chacun des six (6) meilleurs finisher professionnels masculins \u00e0 toutes les courses Middle et Long Ditance de la famille Challenge au cours de la p\u00e9riode de qualification (6 slots par course).<br \/>\nUne place pour chacune des six (6) meilleures finisher f\u00e9minines professionnelles des courses Middle et Long Distance Challenge Family (6 slots par course).<br \/>\nLes slots ne se transmettent pas.<\/li>\n<\/ul>\n[\/vc_column_text][\/vc_column][\/vc_row][vc_row el_class=\u00a0\u00bbtime-schedule\u00a0\u00bb][vc_column][mk_button corner_style=\u00a0\u00bbrounded\u00a0\u00bb size=\u00a0\u00bbmedium\u00a0\u00bb url=\u00a0\u00bbhttp:\/\/www.thechampionship.de\u00a0\u00bb target=\u00a0\u00bb_blank\u00a0\u00bb align=\u00a0\u00bbcenter\u00a0\u00bb]THECHAMPIONSHIP[\/mk_button][\/vc_column][\/vc_row][vc_row el_class=\u00a0\u00bbtime-schedule\u00a0\u00bb][vc_column][mk_image src=\u00a0\u00bbhttp:\/\/www.ultraman.nl\/daytona\/files\/2017\/12\/700059076_the_champs_05.jpg\u00a0\u00bb][\/vc_column][\/vc_row]\n<\/div>","protected":false},"excerpt":{"rendered":"<p>[vc_row el_class=\u00a0\u00bbtime-schedule\u00a0\u00bb][vc_column][vc_column_text css=\u00a0\u00bb.vc_custom_1652279890861{margin-bottom: 0px !important;}\u00a0\u00bb]CHALLENGE Montpellier fait partie des courses qualificatives pour THECHAMPIONSHIP. Au total 72 places permettent de se qualifier pour l&rsquo;\u00e9dition 2023 de THECHAMPIONSHIP Une place pour chacun des six (6) premiers de chaque groupe d&rsquo;\u00e2ge masculin et f\u00e9minin aux courses CHALLENGEFAMILY Middle et Long Distance. Les slots se transmettront dans chaque cat\u00e9gorie [&hellip;]<\/p>\n","protected":false},"author":141,"featured_media":0,"parent":0,"menu_order":0,"comment_status":"closed","ping_status":"closed","template":"","meta":{"footnotes":""},"class_list":["post-1285","page","type-page","status-publish","hentry"],"yoast_head":"<!-- This site is optimized with the Yoast SEO plugin v25.6 - https:\/\/yoast.com\/wordpress\/plugins\/seo\/ -->\n<title>Qualification pour THECHAMPIONSHIP - Challenge Montpellier<\/title>\n<meta name=\"robots\" content=\"index, follow, max-snippet:-1, max-image-preview:large, max-video-preview:-1\" \/>\n<link rel=\"canonical\" href=\"https:\/\/challenge-montpellier.com\/fr\/qualification-pour-thechampionship\/\" \/>\n<meta property=\"og:locale\" content=\"fr_FR\" \/>\n<meta property=\"og:type\" content=\"article\" \/>\n<meta property=\"og:title\" content=\"Qualification pour THECHAMPIONSHIP - Challenge Montpellier\" \/>\n<meta property=\"og:description\" content=\"[vc_row el_class=\u00a0\u00bbtime-schedule\u00a0\u00bb][vc_column][vc_column_text css=\u00a0\u00bb.vc_custom_1652279890861{margin-bottom: 0px !important;}\u00a0\u00bb]CHALLENGE Montpellier fait partie des courses qualificatives pour THECHAMPIONSHIP. Au total 72 places permettent de se qualifier pour l&rsquo;\u00e9dition 2023 de THECHAMPIONSHIP Une place pour chacun des six (6) premiers de chaque groupe d&rsquo;\u00e2ge masculin et f\u00e9minin aux courses CHALLENGEFAMILY Middle et Long Distance. Les slots se transmettront dans chaque cat\u00e9gorie [&hellip;]\" \/>\n<meta property=\"og:url\" content=\"https:\/\/challenge-montpellier.com\/fr\/qualification-pour-thechampionship\/\" \/>\n<meta property=\"og:site_name\" content=\"Challenge Montpellier\" \/>\n<meta property=\"article:modified_time\" content=\"2022-05-11T14:38:13+00:00\" \/>\n<meta name=\"twitter:card\" content=\"summary_large_image\" \/>\n<meta name=\"twitter:label1\" content=\"Dur\u00e9e de lecture estim\u00e9e\" \/>\n\t<meta name=\"twitter:data1\" content=\"1 minute\" \/>\n<script type=\"application\/ld+json\" class=\"yoast-schema-graph\">{\"@context\":\"https:\/\/schema.org\",\"@graph\":[{\"@type\":\"WebPage\",\"@id\":\"https:\/\/challenge-montpellier.com\/fr\/qualification-pour-thechampionship\/\",\"url\":\"https:\/\/challenge-montpellier.com\/fr\/qualification-pour-thechampionship\/\",\"name\":\"Qualification pour THECHAMPIONSHIP - Challenge Montpellier\",\"isPartOf\":{\"@id\":\"https:\/\/challenge-montpellier.com\/#website\"},\"datePublished\":\"2022-05-11T14:36:36+00:00\",\"dateModified\":\"2022-05-11T14:38:13+00:00\",\"breadcrumb\":{\"@id\":\"https:\/\/challenge-montpellier.com\/fr\/qualification-pour-thechampionship\/#breadcrumb\"},\"inLanguage\":\"fr-FR\",\"potentialAction\":[{\"@type\":\"ReadAction\",\"target\":[\"https:\/\/challenge-montpellier.com\/fr\/qualification-pour-thechampionship\/\"]}]},{\"@type\":\"BreadcrumbList\",\"@id\":\"https:\/\/challenge-montpellier.com\/fr\/qualification-pour-thechampionship\/#breadcrumb\",\"itemListElement\":[{\"@type\":\"ListItem\",\"position\":1,\"name\":\"Home\",\"item\":\"https:\/\/challenge-montpellier.com\/fr\/\"},{\"@type\":\"ListItem\",\"position\":2,\"name\":\"Qualification pour THECHAMPIONSHIP\"}]},{\"@type\":\"WebSite\",\"@id\":\"https:\/\/challenge-montpellier.com\/#website\",\"url\":\"https:\/\/challenge-montpellier.com\/\",\"name\":\"Challenge Montpellier\",\"description\":\"We are triathlon\",\"potentialAction\":[{\"@type\":\"SearchAction\",\"target\":{\"@type\":\"EntryPoint\",\"urlTemplate\":\"https:\/\/challenge-montpellier.com\/?s={search_term_string}\"},\"query-input\":{\"@type\":\"PropertyValueSpecification\",\"valueRequired\":true,\"valueName\":\"search_term_string\"}}],\"inLanguage\":\"fr-FR\"}]}<\/script>\n<!-- \/ Yoast SEO plugin. -->","yoast_head_json":{"title":"Qualification pour THECHAMPIONSHIP - Challenge Montpellier","robots":{"index":"index","follow":"follow","max-snippet":"max-snippet:-1","max-image-preview":"max-image-preview:large","max-video-preview":"max-video-preview:-1"},"canonical":"https:\/\/challenge-montpellier.com\/fr\/qualification-pour-thechampionship\/","og_locale":"fr_FR","og_type":"article","og_title":"Qualification pour THECHAMPIONSHIP - Challenge Montpellier","og_description":"[vc_row el_class=\u00a0\u00bbtime-schedule\u00a0\u00bb][vc_column][vc_column_text css=\u00a0\u00bb.vc_custom_1652279890861{margin-bottom: 0px !important;}\u00a0\u00bb]CHALLENGE Montpellier fait partie des courses qualificatives pour THECHAMPIONSHIP. Au total 72 places permettent de se qualifier pour l&rsquo;\u00e9dition 2023 de THECHAMPIONSHIP Une place pour chacun des six (6) premiers de chaque groupe d&rsquo;\u00e2ge masculin et f\u00e9minin aux courses CHALLENGEFAMILY Middle et Long Distance. Les slots se transmettront dans chaque cat\u00e9gorie [&hellip;]","og_url":"https:\/\/challenge-montpellier.com\/fr\/qualification-pour-thechampionship\/","og_site_name":"Challenge Montpellier","article_modified_time":"2022-05-11T14:38:13+00:00","twitter_card":"summary_large_image","twitter_misc":{"Dur\u00e9e de lecture estim\u00e9e":"1 minute"},"schema":{"@context":"https:\/\/schema.org","@graph":[{"@type":"WebPage","@id":"https:\/\/challenge-montpellier.com\/fr\/qualification-pour-thechampionship\/","url":"https:\/\/challenge-montpellier.com\/fr\/qualification-pour-thechampionship\/","name":"Qualification pour THECHAMPIONSHIP - Challenge Montpellier","isPartOf":{"@id":"https:\/\/challenge-montpellier.com\/#website"},"datePublished":"2022-05-11T14:36:36+00:00","dateModified":"2022-05-11T14:38:13+00:00","breadcrumb":{"@id":"https:\/\/challenge-montpellier.com\/fr\/qualification-pour-thechampionship\/#breadcrumb"},"inLanguage":"fr-FR","potentialAction":[{"@type":"ReadAction","target":["https:\/\/challenge-montpellier.com\/fr\/qualification-pour-thechampionship\/"]}]},{"@type":"BreadcrumbList","@id":"https:\/\/challenge-montpellier.com\/fr\/qualification-pour-thechampionship\/#breadcrumb","itemListElement":[{"@type":"ListItem","position":1,"name":"Home","item":"https:\/\/challenge-montpellier.com\/fr\/"},{"@type":"ListItem","position":2,"name":"Qualification pour THECHAMPIONSHIP"}]},{"@type":"WebSite","@id":"https:\/\/challenge-montpellier.com\/#website","url":"https:\/\/challenge-montpellier.com\/","name":"Challenge Montpellier","description":"We are triathlon","potentialAction":[{"@type":"SearchAction","target":{"@type":"EntryPoint","urlTemplate":"https:\/\/challenge-montpellier.com\/?s={search_term_string}"},"query-input":{"@type":"PropertyValueSpecification","valueRequired":true,"valueName":"search_term_string"}}],"inLanguage":"fr-FR"}]}},"_links":{"self":[{"href":"https:\/\/challenge-montpellier.com\/fr\/wp-json\/wp\/v2\/pages\/1285"}],"collection":[{"href":"https:\/\/challenge-montpellier.com\/fr\/wp-json\/wp\/v2\/pages"}],"about":[{"href":"https:\/\/challenge-montpellier.com\/fr\/wp-json\/wp\/v2\/types\/page"}],"author":[{"embeddable":true,"href":"https:\/\/challenge-montpellier.com\/fr\/wp-json\/wp\/v2\/users\/141"}],"replies":[{"embeddable":true,"href":"https:\/\/challenge-montpellier.com\/fr\/wp-json\/wp\/v2\/comments?post=1285"}],"version-history":[{"count":2,"href":"https:\/\/challenge-montpellier.com\/fr\/wp-json\/wp\/v2\/pages\/1285\/revisions"}],"predecessor-version":[{"id":1288,"href":"https:\/\/challenge-montpellier.com\/fr\/wp-json\/wp\/v2\/pages\/1285\/revisions\/1288"}],"wp:attachment":[{"href":"https:\/\/challenge-montpellier.com\/fr\/wp-json\/wp\/v2\/media?parent=1285"}],"curies":[{"name":"wp","href":"https:\/\/api.w.org\/{rel}","templated":true}]}}