{"id":1279,"date":"2022-05-11T14:21:22","date_gmt":"2022-05-11T14:21:22","guid":{"rendered":"https:\/\/challenge-montpellier.com\/?page_id=1279"},"modified":"2022-11-16T12:44:14","modified_gmt":"2022-11-16T12:44:14","slug":"parcours","status":"publish","type":"page","link":"https:\/\/challenge-montpellier.com\/fr\/parcours\/","title":{"rendered":"Parcours"},"content":{"rendered":"<div class=\"wpb-content-wrapper\">[vc_row][vc_column][vc_row_inner][vc_column_inner css=\u00a0\u00bb.vc_custom_1415529579939{margin-bottom: 40px !important;}\u00a0\u00bb][mk_fancy_title color=\u00a0\u00bb#e2001a\u00a0\u00bb size=\u00a0\u00bb30&Prime; font_weight=\u00a0\u00bbbolder\u00a0\u00bb margin_bottom=\u00a0\u00bb5&Prime; font_family=\u00a0\u00bbnone\u00a0\u00bb]Middle Distance[\/mk_fancy_title][\/vc_column_inner][\/vc_row_inner][vc_row_inner][vc_column_inner width=\u00a0\u00bb1\/2&Prime; css=\u00a0\u00bb.vc_custom_1415529579939{margin-bottom: 40px !important;}\u00a0\u00bb][mk_fancy_title color=\u00a0\u00bb#e2001a\u00a0\u00bb size=\u00a0\u00bb24&Prime; margin_bottom=\u00a0\u00bb5&Prime; font_family=\u00a0\u00bbnone\u00a0\u00bb]Natation[\/mk_fancy_title][mk_fancy_title tag_name=\u00a0\u00bbh4&Prime; size=\u00a0\u00bb16&Prime; font_weight=\u00a0\u00bbbold\u00a0\u00bb txt_transform=\u00a0\u00bbnone\u00a0\u00bb font_family=\u00a0\u00bbnone\u00a0\u00bb]1 boucle de 1,9km[\/mk_fancy_title][vc_column_text css=\u00a0\u00bb.vc_custom_1652278743870{margin-bottom: 0px !important;}\u00a0\u00bb]Le d\u00e9part de la partie natation du CHALLENGE Montpellier aura lieu sur la plage de Maguelone uniquement pour les groupes d\u2019\u00e2ge (la course n\u2019est pas ouverte aux professionnels). Cette \u00e9preuve comporte 1 boucle de 1.9 kilom\u00e8tres.<\/p>\n<p>L\u2019aire de transition se trouve sur le parking des restaurants accessible directement depuis la plage. La sortie du parc est situ\u00e9e du c\u00f4t\u00e9 Nord-Est du parking, par la route rejoignant Palavas puis Montpellier.[\/vc_column_text][mk_button dimension=\u00a0\u00bbflat\u00a0\u00bb corner_style=\u00a0\u00bbrounded\u00a0\u00bb size=\u00a0\u00bbmedium\u00a0\u00bb url=\u00a0\u00bbhttps:\/\/endurancecui.active.com\/event-reg\/select-race?e=81343634&Prime;]Inscrivez vous ![\/mk_button][\/vc_column_inner][vc_column_inner width=\u00a0\u00bb1\/2&Prime; css=\u00a0\u00bb.vc_custom_1415529567907{margin-bottom: 40px !important;}\u00a0\u00bb][mk_image src=\u00a0\u00bbhttps:\/\/challenge-montpellier.com\/wp-content\/uploads\/sites\/53\/2022\/05\/middle-parcours-natation.jpg\u00a0\u00bb image_size=\u00a0\u00bblarge\u00a0\u00bb lightbox=\u00a0\u00bbtrue\u00a0\u00bb group=\u00a0\u00bb_general\u00a0\u00bb][\/vc_column_inner][\/vc_row_inner][vc_row_inner][vc_column_inner][mk_divider style=\u00a0\u00bbthin_solid\u00a0\u00bb margin_top=\u00a0\u00bb0&Prime; margin_bottom=\u00a0\u00bb45&Prime;][\/vc_column_inner][\/vc_row_inner][vc_row_inner][vc_column_inner width=\u00a0\u00bb1\/2&Prime; css=\u00a0\u00bb.vc_custom_1415529585441{margin-bottom: 40px !important;}\u00a0\u00bb][mk_image src=\u00a0\u00bbhttps:\/\/challenge-montpellier.com\/wp-content\/uploads\/sites\/53\/2022\/05\/middle-parcours-velo.jpg\u00a0\u00bb image_size=\u00a0\u00bblarge\u00a0\u00bb lightbox=\u00a0\u00bbtrue\u00a0\u00bb group=\u00a0\u00bb_general\u00a0\u00bb][mk_button dimension=\u00a0\u00bbflat\u00a0\u00bb corner_style=\u00a0\u00bbrounded\u00a0\u00bb url=\u00a0\u00bbhttps:\/\/challenge-montpellier.com\/wp-content\/uploads\/sites\/53\/2022\/11\/parcours-velo-middle.gpx_.zip\u00a0\u00bb align=\u00a0\u00bbcenter\u00a0\u00bb]Utilisez le trac\u00e9 GPX[\/mk_button][\/vc_column_inner][vc_column_inner width=\u00a0\u00bb1\/2&Prime; css=\u00a0\u00bb.vc_custom_1415529590552{margin-bottom: 40px !important;}\u00a0\u00bb][mk_fancy_title color=\u00a0\u00bb#e2001a\u00a0\u00bb size=\u00a0\u00bb24&Prime; margin_bottom=\u00a0\u00bb5&Prime; font_family=\u00a0\u00bbnone\u00a0\u00bb]V\u00e9lo[\/mk_fancy_title][mk_fancy_title tag_name=\u00a0\u00bbh4&Prime; size=\u00a0\u00bb16&Prime; font_weight=\u00a0\u00bbbold\u00a0\u00bb txt_transform=\u00a0\u00bbnone\u00a0\u00bb font_family=\u00a0\u00bbnone\u00a0\u00bb]1 parcours de 90 km[\/mk_fancy_title][vc_column_text css=\u00a0\u00bb.vc_custom_1652278777861{margin-bottom: 0px !important;}\u00a0\u00bb]De Palavas \u00e0 Montpellier, en passant la Boissi\u00e8re, le parcours v\u00e9lo de la course Middle Distance du CHALLENGE Montpellier rendra la part belle \u00e0 l\u2019environnement naturel de Montpellier. Cette \u00e9preuve comporte 1 parcours de 90 kilom\u00e8tres.<\/p>\n<p>L\u2019aire de transition se trouve sur le parking de la salle de spectacles de Montpellier : le Zenith Sud. La sortie du parc est situ\u00e9e du c\u00f4t\u00e9 Sud du Zenith pour que les athl\u00e8tes se dirigent ensuite vers le coeur de ville de Montpellier.[\/vc_column_text][mk_button dimension=\u00a0\u00bbflat\u00a0\u00bb corner_style=\u00a0\u00bbrounded\u00a0\u00bb size=\u00a0\u00bbmedium\u00a0\u00bb url=\u00a0\u00bbhttps:\/\/endurancecui.active.com\/event-reg\/select-race?e=81343634&Prime;]Inscrivez vous ![\/mk_button][\/vc_column_inner][\/vc_row_inner][vc_row_inner][vc_column_inner][mk_divider style=\u00a0\u00bbthin_solid\u00a0\u00bb margin_top=\u00a0\u00bb0&Prime; margin_bottom=\u00a0\u00bb45&Prime;][\/vc_column_inner][\/vc_row_inner][vc_row_inner][vc_column_inner width=\u00a0\u00bb1\/2&Prime; css=\u00a0\u00bb.vc_custom_1415529579939{margin-bottom: 40px !important;}\u00a0\u00bb][mk_fancy_title color=\u00a0\u00bb#e2001a\u00a0\u00bb size=\u00a0\u00bb24&Prime; margin_bottom=\u00a0\u00bb5&Prime; font_family=\u00a0\u00bbnone\u00a0\u00bb]Course \u00e0 pied[\/mk_fancy_title][mk_fancy_title tag_name=\u00a0\u00bbh4&Prime; size=\u00a0\u00bb16&Prime; font_weight=\u00a0\u00bbbold\u00a0\u00bb txt_transform=\u00a0\u00bbnone\u00a0\u00bb font_family=\u00a0\u00bbnone\u00a0\u00bb]2 boucles de 10,5 km[\/mk_fancy_title][vc_column_text css=\u00a0\u00bb.vc_custom_1652278839617{margin-bottom: 0px !important;}\u00a0\u00bb]La course Middle Distance du CHALLENGE Montpellier prendra fin apr\u00e8s un semi-marathon couru dans les rues du coeur de ville de Montpellier. L\u2019arriv\u00e9e se trouvera au m\u00eame endroit que l\u2019aire de transition 2 \u00e0 savoir au Z\u00e9nith Sud. Cette \u00e9preuve comporte 2 boucles de 10.5 kilom\u00e8tres.<\/p>\n<p>Les spectateurs vous encourageront sur l\u2019ensemble du parcours mais vous attendront en nombre pour vous ovationner sur la ligne d\u2019arriv\u00e9e.[\/vc_column_text][mk_button dimension=\u00a0\u00bbflat\u00a0\u00bb corner_style=\u00a0\u00bbrounded\u00a0\u00bb size=\u00a0\u00bbmedium\u00a0\u00bb url=\u00a0\u00bbhttps:\/\/endurancecui.active.com\/event-reg\/select-race?e=81343634&Prime;]Inscrivez vous ![\/mk_button][\/vc_column_inner][vc_column_inner width=\u00a0\u00bb1\/2&Prime; css=\u00a0\u00bb.vc_custom_1415529567907{margin-bottom: 40px !important;}\u00a0\u00bb][mk_image src=\u00a0\u00bbhttps:\/\/challenge-montpellier.com\/wp-content\/uploads\/sites\/53\/2022\/05\/middle-parcours-cap.jpg\u00a0\u00bb image_size=\u00a0\u00bblarge\u00a0\u00bb lightbox=\u00a0\u00bbtrue\u00a0\u00bb group=\u00a0\u00bb_general\u00a0\u00bb][mk_button dimension=\u00a0\u00bbflat\u00a0\u00bb corner_style=\u00a0\u00bbrounded\u00a0\u00bb url=\u00a0\u00bbhttps:\/\/challenge-montpellier.com\/wp-content\/uploads\/sites\/53\/2022\/11\/parcours-course-a-pied.gpx_.zip\u00a0\u00bb align=\u00a0\u00bbcenter\u00a0\u00bb]Utilisez le trac\u00e9 GPX[\/mk_button][\/vc_column_inner][\/vc_row_inner][vc_row_inner][vc_column_inner][mk_divider style=\u00a0\u00bbthin_solid\u00a0\u00bb margin_top=\u00a0\u00bb0&Prime; margin_bottom=\u00a0\u00bb45&Prime;][\/vc_column_inner][\/vc_row_inner][vc_row_inner][vc_column_inner css=\u00a0\u00bb.vc_custom_1415529579939{margin-bottom: 40px !important;}\u00a0\u00bb][mk_fancy_title color=\u00a0\u00bb#e2001a\u00a0\u00bb size=\u00a0\u00bb30&Prime; font_weight=\u00a0\u00bbbolder\u00a0\u00bb margin_bottom=\u00a0\u00bb5&Prime; font_family=\u00a0\u00bbnone\u00a0\u00bb]Long Distance[\/mk_fancy_title][\/vc_column_inner][\/vc_row_inner][vc_row_inner][vc_column_inner width=\u00a0\u00bb1\/2&Prime; css=\u00a0\u00bb.vc_custom_1415529579939{margin-bottom: 40px !important;}\u00a0\u00bb][mk_fancy_title color=\u00a0\u00bb#e2001a\u00a0\u00bb size=\u00a0\u00bb24&Prime; margin_bottom=\u00a0\u00bb5&Prime; font_family=\u00a0\u00bbnone\u00a0\u00bb]Natation[\/mk_fancy_title][mk_fancy_title tag_name=\u00a0\u00bbh4&Prime; size=\u00a0\u00bb16&Prime; font_weight=\u00a0\u00bbbold\u00a0\u00bb txt_transform=\u00a0\u00bbnone\u00a0\u00bb font_family=\u00a0\u00bbnone\u00a0\u00bb]2 boucles de 1,9 km[\/mk_fancy_title][vc_column_text css=\u00a0\u00bb.vc_custom_1652278878819{margin-bottom: 0px !important;}\u00a0\u00bb]Tout comme le Middle Distance, le d\u00e9part de la partie natation aura lieu sur la plage du Prevost de Villeneuve-l\u00e8s-Maguelone pour les groupes d\u2019\u00e2ge mais aussi pour les professionnels. Cette \u00e9preuve comporte 2 boucles de 1.9 kilom\u00e8tres, avec une sortie \u00e0 l\u2019australienne entre les 2.<\/p>\n<p>L\u2019aire de transition, le Bike Park, est se trouve \u00e0 proximit\u00e9 de la sortie natation, directement depuis la plage.[\/vc_column_text][mk_button dimension=\u00a0\u00bbflat\u00a0\u00bb corner_style=\u00a0\u00bbrounded\u00a0\u00bb size=\u00a0\u00bbmedium\u00a0\u00bb url=\u00a0\u00bbhttps:\/\/endurancecui.active.com\/event-reg\/select-race?e=81343634&Prime;]Register now ![\/mk_button][\/vc_column_inner][vc_column_inner width=\u00a0\u00bb1\/2&Prime; css=\u00a0\u00bb.vc_custom_1415529567907{margin-bottom: 40px !important;}\u00a0\u00bb][mk_image src=\u00a0\u00bbhttps:\/\/challenge-montpellier.com\/wp-content\/uploads\/sites\/53\/2022\/05\/long-parcours-natation.jpg\u00a0\u00bb image_size=\u00a0\u00bblarge\u00a0\u00bb lightbox=\u00a0\u00bbtrue\u00a0\u00bb group=\u00a0\u00bb_general\u00a0\u00bb][\/vc_column_inner][\/vc_row_inner][vc_row_inner][vc_column_inner width=\u00a0\u00bb1\/2&Prime; css=\u00a0\u00bb.vc_custom_1415529579939{margin-bottom: 40px !important;}\u00a0\u00bb][mk_image src=\u00a0\u00bbhttps:\/\/challenge-montpellier.com\/wp-content\/uploads\/sites\/53\/2022\/05\/long-parcours-velo.jpg\u00a0\u00bb image_size=\u00a0\u00bblarge\u00a0\u00bb lightbox=\u00a0\u00bbtrue\u00a0\u00bb group=\u00a0\u00bb_general\u00a0\u00bb][mk_button dimension=\u00a0\u00bbflat\u00a0\u00bb corner_style=\u00a0\u00bbrounded\u00a0\u00bb url=\u00a0\u00bbhttps:\/\/challenge-montpellier.com\/wp-content\/uploads\/sites\/53\/2022\/11\/parcours-velo-long.gpx_.zip\u00a0\u00bb align=\u00a0\u00bbcenter\u00a0\u00bb]Utilisez le trac\u00e9 GPX[\/mk_button][\/vc_column_inner][vc_column_inner width=\u00a0\u00bb1\/2&Prime; css=\u00a0\u00bb.vc_custom_1415529567907{margin-bottom: 40px !important;}\u00a0\u00bb][mk_fancy_title color=\u00a0\u00bb#e2001a\u00a0\u00bb size=\u00a0\u00bb24&Prime; margin_bottom=\u00a0\u00bb5&Prime; font_family=\u00a0\u00bbnone\u00a0\u00bb]V\u00e9lo[\/mk_fancy_title][mk_fancy_title tag_name=\u00a0\u00bbh4&Prime; size=\u00a0\u00bb16&Prime; font_weight=\u00a0\u00bbbold\u00a0\u00bb txt_transform=\u00a0\u00bbnone\u00a0\u00bb font_family=\u00a0\u00bbnone\u00a0\u00bb]1 parcours de 180 km[\/mk_fancy_title][vc_column_text css=\u00a0\u00bb.vc_custom_1652278940208{margin-bottom: 0px !important;}\u00a0\u00bb]Apr\u00e8s la natation, direction les cols de l\u2019arri\u00e8re pays montpellierain. Le parcours v\u00e9lo de la course Full Distance du CHALLENGE Montpellier vous fera passer notamment par les gorges de l\u2019H\u00e9rault. Cette \u00e9preuve comporte 1 parcours de 180 kilom\u00e8tres.<\/p>\n<p>L\u2019aire de transition se trouve sur le parking de la salle de spectacles de Montpellier : le Zenith Sud. La sortie du parc est situ\u00e9e du c\u00f4t\u00e9 Sud du Zenith pour que les athl\u00e8tes se dirigent ensuite vers le coeur de ville de Montpellier.[\/vc_column_text][mk_button dimension=\u00a0\u00bbflat\u00a0\u00bb corner_style=\u00a0\u00bbrounded\u00a0\u00bb size=\u00a0\u00bbmedium\u00a0\u00bb url=\u00a0\u00bbhttps:\/\/endurancecui.active.com\/event-reg\/select-race?e=81343634&Prime;]Inscrivez vous ![\/mk_button][\/vc_column_inner][\/vc_row_inner][vc_row_inner][vc_column_inner width=\u00a0\u00bb1\/2&Prime; css=\u00a0\u00bb.vc_custom_1415529579939{margin-bottom: 40px !important;}\u00a0\u00bb][mk_fancy_title color=\u00a0\u00bb#e2001a\u00a0\u00bb size=\u00a0\u00bb24&Prime; margin_bottom=\u00a0\u00bb5&Prime; font_family=\u00a0\u00bbnone\u00a0\u00bb]Course \u00e0 pied[\/mk_fancy_title][mk_fancy_title tag_name=\u00a0\u00bbh4&Prime; size=\u00a0\u00bb16&Prime; font_weight=\u00a0\u00bbbold\u00a0\u00bb txt_transform=\u00a0\u00bbnone\u00a0\u00bb font_family=\u00a0\u00bbnone\u00a0\u00bb]4 boucles de 10,5 km[\/mk_fancy_title][vc_column_text css=\u00a0\u00bb.vc_custom_1652278976020{margin-bottom: 0px !important;}\u00a0\u00bb]La course Full Distance du CHALLENGE Montpellier prendra fin apr\u00e8s un marathon couru dans les rues du coeur de ville de Montpellier. L\u2019arriv\u00e9e se trouvera au m\u00eame endroit que l\u2019aire de transition 2 \u00e0 savoir au Z\u00e9nith Sud. Cette \u00e9preuve comporte 4 boucles de 10.5 kilom\u00e8tres.<\/p>\n<p>Les spectateurs vous encourageront sur l\u2019ensemble du parcours mais vous attendront en nombre pour vous ovationner sur la ligne d\u2019arriv\u00e9e.[\/vc_column_text][mk_button dimension=\u00a0\u00bbflat\u00a0\u00bb corner_style=\u00a0\u00bbrounded\u00a0\u00bb size=\u00a0\u00bbmedium\u00a0\u00bb url=\u00a0\u00bbhttps:\/\/endurancecui.active.com\/event-reg\/select-race?e=81343634&Prime;]Inscrivez vous ![\/mk_button][\/vc_column_inner][vc_column_inner width=\u00a0\u00bb1\/2&Prime; css=\u00a0\u00bb.vc_custom_1415529567907{margin-bottom: 40px !important;}\u00a0\u00bb][mk_image src=\u00a0\u00bbhttps:\/\/challenge-montpellier.com\/wp-content\/uploads\/sites\/53\/2022\/05\/long-parcours-cap.jpg\u00a0\u00bb image_size=\u00a0\u00bblarge\u00a0\u00bb lightbox=\u00a0\u00bbtrue\u00a0\u00bb group=\u00a0\u00bb_general\u00a0\u00bb][mk_button dimension=\u00a0\u00bbflat\u00a0\u00bb corner_style=\u00a0\u00bbrounded\u00a0\u00bb url=\u00a0\u00bbhttps:\/\/challenge-montpellier.com\/wp-content\/uploads\/sites\/53\/2022\/11\/parcours-course-a-pied.gpx_.zip\u00a0\u00bb align=\u00a0\u00bbcenter\u00a0\u00bb]Utilisez le trac\u00e9 GPX[\/mk_button][\/vc_column_inner][\/vc_row_inner][\/vc_column][\/vc_row]\n<\/div>","protected":false},"excerpt":{"rendered":"<p>[vc_row][vc_column][vc_row_inner][vc_column_inner css=\u00a0\u00bb.vc_custom_1415529579939{margin-bottom: 40px !important;}\u00a0\u00bb][mk_fancy_title color=\u00a0\u00bb#e2001a\u00a0\u00bb size=\u00a0\u00bb30&Prime; font_weight=\u00a0\u00bbbolder\u00a0\u00bb margin_bottom=\u00a0\u00bb5&Prime; font_family=\u00a0\u00bbnone\u00a0\u00bb]Middle Distance[\/mk_fancy_title][\/vc_column_inner][\/vc_row_inner][vc_row_inner][vc_column_inner width=\u00a0\u00bb1\/2&Prime; css=\u00a0\u00bb.vc_custom_1415529579939{margin-bottom: 40px !important;}\u00a0\u00bb][mk_fancy_title color=\u00a0\u00bb#e2001a\u00a0\u00bb size=\u00a0\u00bb24&Prime; margin_bottom=\u00a0\u00bb5&Prime; font_family=\u00a0\u00bbnone\u00a0\u00bb]Natation[\/mk_fancy_title][mk_fancy_title tag_name=\u00a0\u00bbh4&Prime; size=\u00a0\u00bb16&Prime; font_weight=\u00a0\u00bbbold\u00a0\u00bb txt_transform=\u00a0\u00bbnone\u00a0\u00bb font_family=\u00a0\u00bbnone\u00a0\u00bb]1 boucle de 1,9km[\/mk_fancy_title][vc_column_text css=\u00a0\u00bb.vc_custom_1652278743870{margin-bottom: 0px !important;}\u00a0\u00bb]Le d\u00e9part de la partie natation du CHALLENGE Montpellier aura lieu sur la plage de Maguelone uniquement pour les groupes d\u2019\u00e2ge (la course n\u2019est pas ouverte aux [&hellip;]<\/p>\n","protected":false},"author":141,"featured_media":0,"parent":0,"menu_order":0,"comment_status":"closed","ping_status":"closed","template":"","meta":{"footnotes":""},"class_list":["post-1279","page","type-page","status-publish","hentry"],"yoast_head":"<!-- This site is optimized with the Yoast SEO plugin v25.6 - https:\/\/yoast.com\/wordpress\/plugins\/seo\/ -->\n<title>Parcours - Challenge Montpellier<\/title>\n<meta name=\"robots\" content=\"index, follow, max-snippet:-1, max-image-preview:large, max-video-preview:-1\" \/>\n<link rel=\"canonical\" href=\"https:\/\/challenge-montpellier.com\/fr\/parcours\/\" \/>\n<meta property=\"og:locale\" content=\"fr_FR\" \/>\n<meta property=\"og:type\" content=\"article\" \/>\n<meta property=\"og:title\" content=\"Parcours - Challenge Montpellier\" \/>\n<meta property=\"og:description\" content=\"[vc_row][vc_column][vc_row_inner][vc_column_inner css=\u00a0\u00bb.vc_custom_1415529579939{margin-bottom: 40px !important;}\u00a0\u00bb][mk_fancy_title color=\u00a0\u00bb#e2001a\u00a0\u00bb size=\u00a0\u00bb30&Prime; font_weight=\u00a0\u00bbbolder\u00a0\u00bb margin_bottom=\u00a0\u00bb5&Prime; font_family=\u00a0\u00bbnone\u00a0\u00bb]Middle Distance[\/mk_fancy_title][\/vc_column_inner][\/vc_row_inner][vc_row_inner][vc_column_inner width=\u00a0\u00bb1\/2&Prime; css=\u00a0\u00bb.vc_custom_1415529579939{margin-bottom: 40px !important;}\u00a0\u00bb][mk_fancy_title color=\u00a0\u00bb#e2001a\u00a0\u00bb size=\u00a0\u00bb24&Prime; margin_bottom=\u00a0\u00bb5&Prime; font_family=\u00a0\u00bbnone\u00a0\u00bb]Natation[\/mk_fancy_title][mk_fancy_title tag_name=\u00a0\u00bbh4&Prime; size=\u00a0\u00bb16&Prime; font_weight=\u00a0\u00bbbold\u00a0\u00bb txt_transform=\u00a0\u00bbnone\u00a0\u00bb font_family=\u00a0\u00bbnone\u00a0\u00bb]1 boucle de 1,9km[\/mk_fancy_title][vc_column_text css=\u00a0\u00bb.vc_custom_1652278743870{margin-bottom: 0px !important;}\u00a0\u00bb]Le d\u00e9part de la partie natation du CHALLENGE Montpellier aura lieu sur la plage de Maguelone uniquement pour les groupes d\u2019\u00e2ge (la course n\u2019est pas ouverte aux [&hellip;]\" \/>\n<meta property=\"og:url\" content=\"https:\/\/challenge-montpellier.com\/fr\/parcours\/\" \/>\n<meta property=\"og:site_name\" content=\"Challenge Montpellier\" \/>\n<meta property=\"article:modified_time\" content=\"2022-11-16T12:44:14+00:00\" \/>\n<meta name=\"twitter:card\" content=\"summary_large_image\" \/>\n<meta name=\"twitter:label1\" content=\"Dur\u00e9e de lecture estim\u00e9e\" \/>\n\t<meta name=\"twitter:data1\" content=\"4 minutes\" \/>\n<script type=\"application\/ld+json\" class=\"yoast-schema-graph\">{\"@context\":\"https:\/\/schema.org\",\"@graph\":[{\"@type\":\"WebPage\",\"@id\":\"https:\/\/challenge-montpellier.com\/fr\/parcours\/\",\"url\":\"https:\/\/challenge-montpellier.com\/fr\/parcours\/\",\"name\":\"Parcours - Challenge Montpellier\",\"isPartOf\":{\"@id\":\"https:\/\/challenge-montpellier.com\/#website\"},\"datePublished\":\"2022-05-11T14:21:22+00:00\",\"dateModified\":\"2022-11-16T12:44:14+00:00\",\"breadcrumb\":{\"@id\":\"https:\/\/challenge-montpellier.com\/fr\/parcours\/#breadcrumb\"},\"inLanguage\":\"fr-FR\",\"potentialAction\":[{\"@type\":\"ReadAction\",\"target\":[\"https:\/\/challenge-montpellier.com\/fr\/parcours\/\"]}]},{\"@type\":\"BreadcrumbList\",\"@id\":\"https:\/\/challenge-montpellier.com\/fr\/parcours\/#breadcrumb\",\"itemListElement\":[{\"@type\":\"ListItem\",\"position\":1,\"name\":\"Home\",\"item\":\"https:\/\/challenge-montpellier.com\/fr\/\"},{\"@type\":\"ListItem\",\"position\":2,\"name\":\"Parcours\"}]},{\"@type\":\"WebSite\",\"@id\":\"https:\/\/challenge-montpellier.com\/#website\",\"url\":\"https:\/\/challenge-montpellier.com\/\",\"name\":\"Challenge Montpellier\",\"description\":\"We are triathlon\",\"potentialAction\":[{\"@type\":\"SearchAction\",\"target\":{\"@type\":\"EntryPoint\",\"urlTemplate\":\"https:\/\/challenge-montpellier.com\/?s={search_term_string}\"},\"query-input\":{\"@type\":\"PropertyValueSpecification\",\"valueRequired\":true,\"valueName\":\"search_term_string\"}}],\"inLanguage\":\"fr-FR\"}]}<\/script>\n<!-- \/ Yoast SEO plugin. -->","yoast_head_json":{"title":"Parcours - Challenge Montpellier","robots":{"index":"index","follow":"follow","max-snippet":"max-snippet:-1","max-image-preview":"max-image-preview:large","max-video-preview":"max-video-preview:-1"},"canonical":"https:\/\/challenge-montpellier.com\/fr\/parcours\/","og_locale":"fr_FR","og_type":"article","og_title":"Parcours - Challenge Montpellier","og_description":"[vc_row][vc_column][vc_row_inner][vc_column_inner css=\u00a0\u00bb.vc_custom_1415529579939{margin-bottom: 40px !important;}\u00a0\u00bb][mk_fancy_title color=\u00a0\u00bb#e2001a\u00a0\u00bb size=\u00a0\u00bb30&Prime; font_weight=\u00a0\u00bbbolder\u00a0\u00bb margin_bottom=\u00a0\u00bb5&Prime; font_family=\u00a0\u00bbnone\u00a0\u00bb]Middle Distance[\/mk_fancy_title][\/vc_column_inner][\/vc_row_inner][vc_row_inner][vc_column_inner width=\u00a0\u00bb1\/2&Prime; css=\u00a0\u00bb.vc_custom_1415529579939{margin-bottom: 40px !important;}\u00a0\u00bb][mk_fancy_title color=\u00a0\u00bb#e2001a\u00a0\u00bb size=\u00a0\u00bb24&Prime; margin_bottom=\u00a0\u00bb5&Prime; font_family=\u00a0\u00bbnone\u00a0\u00bb]Natation[\/mk_fancy_title][mk_fancy_title tag_name=\u00a0\u00bbh4&Prime; size=\u00a0\u00bb16&Prime; font_weight=\u00a0\u00bbbold\u00a0\u00bb txt_transform=\u00a0\u00bbnone\u00a0\u00bb font_family=\u00a0\u00bbnone\u00a0\u00bb]1 boucle de 1,9km[\/mk_fancy_title][vc_column_text css=\u00a0\u00bb.vc_custom_1652278743870{margin-bottom: 0px !important;}\u00a0\u00bb]Le d\u00e9part de la partie natation du CHALLENGE Montpellier aura lieu sur la plage de Maguelone uniquement pour les groupes d\u2019\u00e2ge (la course n\u2019est pas ouverte aux [&hellip;]","og_url":"https:\/\/challenge-montpellier.com\/fr\/parcours\/","og_site_name":"Challenge Montpellier","article_modified_time":"2022-11-16T12:44:14+00:00","twitter_card":"summary_large_image","twitter_misc":{"Dur\u00e9e de lecture estim\u00e9e":"4 minutes"},"schema":{"@context":"https:\/\/schema.org","@graph":[{"@type":"WebPage","@id":"https:\/\/challenge-montpellier.com\/fr\/parcours\/","url":"https:\/\/challenge-montpellier.com\/fr\/parcours\/","name":"Parcours - Challenge Montpellier","isPartOf":{"@id":"https:\/\/challenge-montpellier.com\/#website"},"datePublished":"2022-05-11T14:21:22+00:00","dateModified":"2022-11-16T12:44:14+00:00","breadcrumb":{"@id":"https:\/\/challenge-montpellier.com\/fr\/parcours\/#breadcrumb"},"inLanguage":"fr-FR","potentialAction":[{"@type":"ReadAction","target":["https:\/\/challenge-montpellier.com\/fr\/parcours\/"]}]},{"@type":"BreadcrumbList","@id":"https:\/\/challenge-montpellier.com\/fr\/parcours\/#breadcrumb","itemListElement":[{"@type":"ListItem","position":1,"name":"Home","item":"https:\/\/challenge-montpellier.com\/fr\/"},{"@type":"ListItem","position":2,"name":"Parcours"}]},{"@type":"WebSite","@id":"https:\/\/challenge-montpellier.com\/#website","url":"https:\/\/challenge-montpellier.com\/","name":"Challenge Montpellier","description":"We are triathlon","potentialAction":[{"@type":"SearchAction","target":{"@type":"EntryPoint","urlTemplate":"https:\/\/challenge-montpellier.com\/?s={search_term_string}"},"query-input":{"@type":"PropertyValueSpecification","valueRequired":true,"valueName":"search_term_string"}}],"inLanguage":"fr-FR"}]}},"_links":{"self":[{"href":"https:\/\/challenge-montpellier.com\/fr\/wp-json\/wp\/v2\/pages\/1279"}],"collection":[{"href":"https:\/\/challenge-montpellier.com\/fr\/wp-json\/wp\/v2\/pages"}],"about":[{"href":"https:\/\/challenge-montpellier.com\/fr\/wp-json\/wp\/v2\/types\/page"}],"author":[{"embeddable":true,"href":"https:\/\/challenge-montpellier.com\/fr\/wp-json\/wp\/v2\/users\/141"}],"replies":[{"embeddable":true,"href":"https:\/\/challenge-montpellier.com\/fr\/wp-json\/wp\/v2\/comments?post=1279"}],"version-history":[{"count":6,"href":"https:\/\/challenge-montpellier.com\/fr\/wp-json\/wp\/v2\/pages\/1279\/revisions"}],"predecessor-version":[{"id":1532,"href":"https:\/\/challenge-montpellier.com\/fr\/wp-json\/wp\/v2\/pages\/1279\/revisions\/1532"}],"wp:attachment":[{"href":"https:\/\/challenge-montpellier.com\/fr\/wp-json\/wp\/v2\/media?parent=1279"}],"curies":[{"name":"wp","href":"https:\/\/api.w.org\/{rel}","templated":true}]}}