{"id":1271,"date":"2022-05-11T13:59:14","date_gmt":"2022-05-11T13:59:14","guid":{"rendered":"https:\/\/challenge-montpellier.com\/?page_id=1271"},"modified":"2022-09-04T16:03:07","modified_gmt":"2022-09-04T16:03:07","slug":"frais-dinscription-2023","status":"publish","type":"page","link":"https:\/\/challenge-montpellier.com\/fr\/frais-dinscription-2023\/","title":{"rendered":"Frais d&rsquo;inscription 2023"},"content":{"rendered":"<div class=\"wpb-content-wrapper\">[vc_row el_class=\u00a0\u00bbtime-schedule\u00a0\u00bb][vc_column][vc_column_text css=\u00a0\u00bb.vc_custom_1652276617931{margin-bottom: 0px !important;}\u00a0\u00bb]Nagez, roulez en v\u00e9lo and courrez dans l&rsquo;une des villes les plus sportives du Sud de la France.[\/vc_column_text][mk_table]\n<table width=\"100%\">\n<thead>\n<tr>\n<th style=\"width: 426.042px;text-align: left\">Middle Distance<\/th>\n<th style=\"width: 214.931px\"><\/th>\n<\/tr>\n<\/thead>\n<tbody>\n<tr>\n<td style=\"width: 426.042px\"><del>Tranche 1<\/del><\/td>\n<td style=\"text-align: center;width: 214.931px\"><del>199\u20ac<\/del><\/td>\n<\/tr>\n<tr>\n<td style=\"width: 426.042px\"><strong>Tranche 2<\/strong><\/td>\n<td style=\"text-align: center;width: 214.931px\">229\u20ac<\/td>\n<\/tr>\n<tr>\n<td style=\"width: 426.042px\"><strong>Tranche 3<\/strong><\/td>\n<td style=\"text-align: center;width: 214.931px\">259\u20ac<\/td>\n<\/tr>\n<tr>\n<td style=\"width: 426.042px\"><strong>Tranche 4<\/strong><\/td>\n<td style=\"text-align: center;width: 214.931px\">289\u20ac<\/td>\n<\/tr>\n<\/tbody>\n<\/table>\n[\/mk_table][vc_row_inner][vc_column_inner][mk_button dimension=\u00a0\u00bbflat\u00a0\u00bb corner_style=\u00a0\u00bbrounded\u00a0\u00bb size=\u00a0\u00bbmedium\u00a0\u00bb url=\u00a0\u00bbhttps:\/\/endurancecui.active.com\/event-reg\/select-race?e=81343634&Prime; target=\u00a0\u00bb_blank\u00a0\u00bb]Inscrivez vous ![\/mk_button][\/vc_column_inner][\/vc_row_inner][\/vc_column][\/vc_row][vc_row el_class=\u00a0\u00bbtime-schedule\u00a0\u00bb][vc_column][mk_divider style=\u00a0\u00bbthin_solid\u00a0\u00bb margin_top=\u00a0\u00bb25&Prime; margin_bottom=\u00a0\u00bb45&Prime;][mk_table]\n<table width=\"100%\">\n<thead>\n<tr>\n<th style=\"width: 426.042px;text-align: left\">Relais Middle Distance<\/th>\n<th style=\"width: 214.931px\"><\/th>\n<\/tr>\n<\/thead>\n<tbody>\n<tr>\n<td style=\"width: 426.042px\"><strong>Tranche 1<\/strong><\/td>\n<td style=\"text-align: center;width: 214.931px\">249\u20ac<\/td>\n<\/tr>\n<tr>\n<td style=\"width: 426.042px\"><strong>Tranche 2<\/strong><\/td>\n<td style=\"text-align: center;width: 214.931px\">269\u20ac<\/td>\n<\/tr>\n<tr>\n<td style=\"width: 426.042px\"><strong>Tranche 3<\/strong><\/td>\n<td style=\"text-align: center;width: 214.931px\">289\u20ac<\/td>\n<\/tr>\n<tr>\n<td style=\"width: 426.042px\"><strong>Tranche 4<\/strong><\/td>\n<td style=\"text-align: center;width: 214.931px\">309\u20ac<\/td>\n<\/tr>\n<\/tbody>\n<\/table>\n[\/mk_table][vc_row_inner][vc_column_inner][mk_button dimension=\u00a0\u00bbflat\u00a0\u00bb corner_style=\u00a0\u00bbrounded\u00a0\u00bb size=\u00a0\u00bbmedium\u00a0\u00bb url=\u00a0\u00bbhttps:\/\/endurancecui.active.com\/event-reg\/select-race?e=81343634&Prime; target=\u00a0\u00bb_blank\u00a0\u00bb]Inscrivez vous ![\/mk_button][\/vc_column_inner][\/vc_row_inner][\/vc_column][\/vc_row][vc_row el_class=\u00a0\u00bbtime-schedule\u00a0\u00bb][vc_column][mk_divider style=\u00a0\u00bbthin_solid\u00a0\u00bb margin_top=\u00a0\u00bb25&Prime; margin_bottom=\u00a0\u00bb45&Prime;][mk_table]\n<table width=\"100%\">\n<thead>\n<tr>\n<th style=\"width: 426.042px;text-align: left\">Long Distance<\/th>\n<th style=\"width: 214.931px\"><\/th>\n<\/tr>\n<\/thead>\n<tbody>\n<tr>\n<td style=\"width: 426.042px\"><strong>Tranche 1<\/strong><\/td>\n<td style=\"text-align: center;width: 214.931px\">349\u20ac<\/td>\n<\/tr>\n<tr>\n<td style=\"width: 426.042px\"><strong>Tranche 2<\/strong><\/td>\n<td style=\"text-align: center;width: 214.931px\">379\u20ac<\/td>\n<\/tr>\n<tr>\n<td style=\"width: 426.042px\"><strong>Tranche 3<\/strong><\/td>\n<td style=\"text-align: center;width: 214.931px\">409\u20ac<\/td>\n<\/tr>\n<tr>\n<td style=\"width: 426.042px\"><strong>Tranche 4<\/strong><\/td>\n<td style=\"text-align: center;width: 214.931px\">439\u20ac<\/td>\n<\/tr>\n<\/tbody>\n<\/table>\n[\/mk_table][vc_row_inner][vc_column_inner][mk_button dimension=\u00a0\u00bbflat\u00a0\u00bb corner_style=\u00a0\u00bbrounded\u00a0\u00bb size=\u00a0\u00bbmedium\u00a0\u00bb url=\u00a0\u00bbhttps:\/\/endurancecui.active.com\/event-reg\/select-race?e=81343634&Prime; target=\u00a0\u00bb_blank\u00a0\u00bb]Inscrivez vous ![\/mk_button][\/vc_column_inner][\/vc_row_inner][mk_divider style=\u00a0\u00bbthin_solid\u00a0\u00bb margin_top=\u00a0\u00bb25&Prime; margin_bottom=\u00a0\u00bb45&Prime;][\/vc_column][\/vc_row][vc_row][vc_column][mk_divider style=\u00a0\u00bbthin_solid\u00a0\u00bb margin_top=\u00a0\u00bb25&Prime; margin_bottom=\u00a0\u00bb45&Prime;][vc_column_text css=\u00a0\u00bb.vc_custom_1662307383290{margin-bottom: 0px !important;}\u00a0\u00bb]Clause de non-responsabilit\u00e9\u00a0: certains de nos partenaires \u00e9v\u00e9nementiels peuvent, de temps \u00e0 autre, organiser des promotions qui peuvent vous permettre de vous inscrire \u00e0 un prix r\u00e9duit. Ces promotions sont de la seule responsabilit\u00e9 de nos partenaires \u00e9v\u00e9nementiels. Pour v\u00e9rifier si une promotion donn\u00e9e est valide, veuillez nous envoyer un courriel \u00e0 <a href=\"mailto:info@challenge-montpellier.com\">info@challenge-montpellier.com<\/a>.[\/vc_column_text][\/vc_column][\/vc_row]\n<\/div>","protected":false},"excerpt":{"rendered":"<p>[vc_row el_class=\u00a0\u00bbtime-schedule\u00a0\u00bb][vc_column][vc_column_text css=\u00a0\u00bb.vc_custom_1652276617931{margin-bottom: 0px !important;}\u00a0\u00bb]Nagez, roulez en v\u00e9lo and courrez dans l&rsquo;une des villes les plus sportives du Sud de la France.[\/vc_column_text][mk_table] Middle Distance Tranche 1 199\u20ac Tranche 2 229\u20ac Tranche 3 259\u20ac Tranche 4 289\u20ac [\/mk_table][vc_row_inner][vc_column_inner][mk_button dimension=\u00a0\u00bbflat\u00a0\u00bb corner_style=\u00a0\u00bbrounded\u00a0\u00bb size=\u00a0\u00bbmedium\u00a0\u00bb url=\u00a0\u00bbhttps:\/\/endurancecui.active.com\/event-reg\/select-race?e=81343634&Prime; target=\u00a0\u00bb_blank\u00a0\u00bb]Inscrivez vous ![\/mk_button][\/vc_column_inner][\/vc_row_inner][\/vc_column][\/vc_row][vc_row el_class=\u00a0\u00bbtime-schedule\u00a0\u00bb][vc_column][mk_divider style=\u00a0\u00bbthin_solid\u00a0\u00bb margin_top=\u00a0\u00bb25&Prime; margin_bottom=\u00a0\u00bb45&Prime;][mk_table] Relais Middle Distance Tranche 1 249\u20ac Tranche [&hellip;]<\/p>\n","protected":false},"author":141,"featured_media":0,"parent":0,"menu_order":0,"comment_status":"closed","ping_status":"closed","template":"","meta":{"footnotes":""},"class_list":["post-1271","page","type-page","status-publish","hentry"],"yoast_head":"<!-- This site is optimized with the Yoast SEO plugin v25.6 - https:\/\/yoast.com\/wordpress\/plugins\/seo\/ -->\n<title>Frais d&#039;inscription 2023 - Challenge Montpellier<\/title>\n<meta name=\"robots\" content=\"index, follow, max-snippet:-1, max-image-preview:large, max-video-preview:-1\" \/>\n<link rel=\"canonical\" href=\"https:\/\/challenge-montpellier.com\/fr\/frais-dinscription-2023\/\" \/>\n<meta property=\"og:locale\" content=\"fr_FR\" \/>\n<meta property=\"og:type\" content=\"article\" \/>\n<meta property=\"og:title\" content=\"Frais d&#039;inscription 2023 - Challenge Montpellier\" \/>\n<meta property=\"og:description\" content=\"[vc_row el_class=\u00a0\u00bbtime-schedule\u00a0\u00bb][vc_column][vc_column_text css=\u00a0\u00bb.vc_custom_1652276617931{margin-bottom: 0px !important;}\u00a0\u00bb]Nagez, roulez en v\u00e9lo and courrez dans l&rsquo;une des villes les plus sportives du Sud de la France.[\/vc_column_text][mk_table] Middle Distance Tranche 1 199\u20ac Tranche 2 229\u20ac Tranche 3 259\u20ac Tranche 4 289\u20ac [\/mk_table][vc_row_inner][vc_column_inner][mk_button dimension=\u00a0\u00bbflat\u00a0\u00bb corner_style=\u00a0\u00bbrounded\u00a0\u00bb size=\u00a0\u00bbmedium\u00a0\u00bb url=\u00a0\u00bbhttps:\/\/endurancecui.active.com\/event-reg\/select-race?e=81343634&Prime; target=\u00a0\u00bb_blank\u00a0\u00bb]Inscrivez vous ![\/mk_button][\/vc_column_inner][\/vc_row_inner][\/vc_column][\/vc_row][vc_row el_class=\u00a0\u00bbtime-schedule\u00a0\u00bb][vc_column][mk_divider style=\u00a0\u00bbthin_solid\u00a0\u00bb margin_top=\u00a0\u00bb25&Prime; margin_bottom=\u00a0\u00bb45&Prime;][mk_table] Relais Middle Distance Tranche 1 249\u20ac Tranche [&hellip;]\" \/>\n<meta property=\"og:url\" content=\"https:\/\/challenge-montpellier.com\/fr\/frais-dinscription-2023\/\" \/>\n<meta property=\"og:site_name\" content=\"Challenge Montpellier\" \/>\n<meta property=\"article:modified_time\" content=\"2022-09-04T16:03:07+00:00\" \/>\n<meta name=\"twitter:card\" content=\"summary_large_image\" \/>\n<meta name=\"twitter:label1\" content=\"Dur\u00e9e de lecture estim\u00e9e\" \/>\n\t<meta name=\"twitter:data1\" content=\"1 minute\" \/>\n<script type=\"application\/ld+json\" class=\"yoast-schema-graph\">{\"@context\":\"https:\/\/schema.org\",\"@graph\":[{\"@type\":\"WebPage\",\"@id\":\"https:\/\/challenge-montpellier.com\/fr\/frais-dinscription-2023\/\",\"url\":\"https:\/\/challenge-montpellier.com\/fr\/frais-dinscription-2023\/\",\"name\":\"Frais d'inscription 2023 - Challenge Montpellier\",\"isPartOf\":{\"@id\":\"https:\/\/challenge-montpellier.com\/#website\"},\"datePublished\":\"2022-05-11T13:59:14+00:00\",\"dateModified\":\"2022-09-04T16:03:07+00:00\",\"breadcrumb\":{\"@id\":\"https:\/\/challenge-montpellier.com\/fr\/frais-dinscription-2023\/#breadcrumb\"},\"inLanguage\":\"fr-FR\",\"potentialAction\":[{\"@type\":\"ReadAction\",\"target\":[\"https:\/\/challenge-montpellier.com\/fr\/frais-dinscription-2023\/\"]}]},{\"@type\":\"BreadcrumbList\",\"@id\":\"https:\/\/challenge-montpellier.com\/fr\/frais-dinscription-2023\/#breadcrumb\",\"itemListElement\":[{\"@type\":\"ListItem\",\"position\":1,\"name\":\"Home\",\"item\":\"https:\/\/challenge-montpellier.com\/fr\/\"},{\"@type\":\"ListItem\",\"position\":2,\"name\":\"Frais d&rsquo;inscription 2023\"}]},{\"@type\":\"WebSite\",\"@id\":\"https:\/\/challenge-montpellier.com\/#website\",\"url\":\"https:\/\/challenge-montpellier.com\/\",\"name\":\"Challenge Montpellier\",\"description\":\"We are triathlon\",\"potentialAction\":[{\"@type\":\"SearchAction\",\"target\":{\"@type\":\"EntryPoint\",\"urlTemplate\":\"https:\/\/challenge-montpellier.com\/?s={search_term_string}\"},\"query-input\":{\"@type\":\"PropertyValueSpecification\",\"valueRequired\":true,\"valueName\":\"search_term_string\"}}],\"inLanguage\":\"fr-FR\"}]}<\/script>\n<!-- \/ Yoast SEO plugin. -->","yoast_head_json":{"title":"Frais d'inscription 2023 - Challenge Montpellier","robots":{"index":"index","follow":"follow","max-snippet":"max-snippet:-1","max-image-preview":"max-image-preview:large","max-video-preview":"max-video-preview:-1"},"canonical":"https:\/\/challenge-montpellier.com\/fr\/frais-dinscription-2023\/","og_locale":"fr_FR","og_type":"article","og_title":"Frais d'inscription 2023 - Challenge Montpellier","og_description":"[vc_row el_class=\u00a0\u00bbtime-schedule\u00a0\u00bb][vc_column][vc_column_text css=\u00a0\u00bb.vc_custom_1652276617931{margin-bottom: 0px !important;}\u00a0\u00bb]Nagez, roulez en v\u00e9lo and courrez dans l&rsquo;une des villes les plus sportives du Sud de la France.[\/vc_column_text][mk_table] Middle Distance Tranche 1 199\u20ac Tranche 2 229\u20ac Tranche 3 259\u20ac Tranche 4 289\u20ac [\/mk_table][vc_row_inner][vc_column_inner][mk_button dimension=\u00a0\u00bbflat\u00a0\u00bb corner_style=\u00a0\u00bbrounded\u00a0\u00bb size=\u00a0\u00bbmedium\u00a0\u00bb url=\u00a0\u00bbhttps:\/\/endurancecui.active.com\/event-reg\/select-race?e=81343634&Prime; target=\u00a0\u00bb_blank\u00a0\u00bb]Inscrivez vous ![\/mk_button][\/vc_column_inner][\/vc_row_inner][\/vc_column][\/vc_row][vc_row el_class=\u00a0\u00bbtime-schedule\u00a0\u00bb][vc_column][mk_divider style=\u00a0\u00bbthin_solid\u00a0\u00bb margin_top=\u00a0\u00bb25&Prime; margin_bottom=\u00a0\u00bb45&Prime;][mk_table] Relais Middle Distance Tranche 1 249\u20ac Tranche [&hellip;]","og_url":"https:\/\/challenge-montpellier.com\/fr\/frais-dinscription-2023\/","og_site_name":"Challenge Montpellier","article_modified_time":"2022-09-04T16:03:07+00:00","twitter_card":"summary_large_image","twitter_misc":{"Dur\u00e9e de lecture estim\u00e9e":"1 minute"},"schema":{"@context":"https:\/\/schema.org","@graph":[{"@type":"WebPage","@id":"https:\/\/challenge-montpellier.com\/fr\/frais-dinscription-2023\/","url":"https:\/\/challenge-montpellier.com\/fr\/frais-dinscription-2023\/","name":"Frais d'inscription 2023 - Challenge Montpellier","isPartOf":{"@id":"https:\/\/challenge-montpellier.com\/#website"},"datePublished":"2022-05-11T13:59:14+00:00","dateModified":"2022-09-04T16:03:07+00:00","breadcrumb":{"@id":"https:\/\/challenge-montpellier.com\/fr\/frais-dinscription-2023\/#breadcrumb"},"inLanguage":"fr-FR","potentialAction":[{"@type":"ReadAction","target":["https:\/\/challenge-montpellier.com\/fr\/frais-dinscription-2023\/"]}]},{"@type":"BreadcrumbList","@id":"https:\/\/challenge-montpellier.com\/fr\/frais-dinscription-2023\/#breadcrumb","itemListElement":[{"@type":"ListItem","position":1,"name":"Home","item":"https:\/\/challenge-montpellier.com\/fr\/"},{"@type":"ListItem","position":2,"name":"Frais d&rsquo;inscription 2023"}]},{"@type":"WebSite","@id":"https:\/\/challenge-montpellier.com\/#website","url":"https:\/\/challenge-montpellier.com\/","name":"Challenge Montpellier","description":"We are triathlon","potentialAction":[{"@type":"SearchAction","target":{"@type":"EntryPoint","urlTemplate":"https:\/\/challenge-montpellier.com\/?s={search_term_string}"},"query-input":{"@type":"PropertyValueSpecification","valueRequired":true,"valueName":"search_term_string"}}],"inLanguage":"fr-FR"}]}},"_links":{"self":[{"href":"https:\/\/challenge-montpellier.com\/fr\/wp-json\/wp\/v2\/pages\/1271"}],"collection":[{"href":"https:\/\/challenge-montpellier.com\/fr\/wp-json\/wp\/v2\/pages"}],"about":[{"href":"https:\/\/challenge-montpellier.com\/fr\/wp-json\/wp\/v2\/types\/page"}],"author":[{"embeddable":true,"href":"https:\/\/challenge-montpellier.com\/fr\/wp-json\/wp\/v2\/users\/141"}],"replies":[{"embeddable":true,"href":"https:\/\/challenge-montpellier.com\/fr\/wp-json\/wp\/v2\/comments?post=1271"}],"version-history":[{"count":5,"href":"https:\/\/challenge-montpellier.com\/fr\/wp-json\/wp\/v2\/pages\/1271\/revisions"}],"predecessor-version":[{"id":1465,"href":"https:\/\/challenge-montpellier.com\/fr\/wp-json\/wp\/v2\/pages\/1271\/revisions\/1465"}],"wp:attachment":[{"href":"https:\/\/challenge-montpellier.com\/fr\/wp-json\/wp\/v2\/media?parent=1271"}],"curies":[{"name":"wp","href":"https:\/\/api.w.org\/{rel}","templated":true}]}}