{"id":1251,"date":"2022-05-11T12:22:25","date_gmt":"2022-05-11T12:22:25","guid":{"rendered":"https:\/\/challenge-montpellier.com\/?page_id=1251"},"modified":"2022-05-11T12:22:25","modified_gmt":"2022-05-11T12:22:25","slug":"partenaires","status":"publish","type":"page","link":"https:\/\/challenge-montpellier.com\/fr\/partenaires\/","title":{"rendered":"Partenaires"},"content":{"rendered":"<div class=\"wpb-content-wrapper\">[vc_row el_class=\u00a0\u00bbtime-schedule\u00a0\u00bb][vc_column]<div id=\"logooos716\" class=\"logooos_container logooos_notready\"><div class=\"logooos logooos_list logooos_responsive logooos_border logooos_listborder logooos_no_radius effect1 \" data-itemsheightpercentage=\"0.80\" data-hovereffect=\"effect1\" data-hovereffectcolor=\"#DCDCDC\" data-bordercolor=\"#DCDCDC\"  ><div class=\"logooos_item\" data-id=\"1461\" data-title=\"Tohapi Camping Le Palavas\" style=\"background-color:transparent; border-color:#DCDCDC\">\n\t\t\t\t\t\t<a href=\"https:\/\/www.tohapi.fr\/languedoc-roussillon\/camping-le-palavas.php\" target=\"_blank\"><img decoding=\"async\" src=\"https:\/\/challenge-montpellier.com\/wp-content\/uploads\/sites\/53\/2022\/08\/download.png\" title=\"\" style=\"max-width:70% !important; max-height:70% !important;\" alt=\"Tohapi Camping Le Palavas\" \/><\/a><\/div><div class=\"logooos_textcontainer\" style=\"border-bottom-color:#DCDCDC; border-bottom-style:dashed; \">\n\t\t\t\t\t\t\t\t<div class=\"logooos_title\" style=\"color:#777777; font-size:15px; font-weight:bold; \">Tohapi Camping Le Palavas<\/div>\n\t\t\t\t\t\t\t\t<div class=\"logooos_text\" style=\"color:#777777; font-size:12px; \"><div>Take advantage of our partner's promotion by staying 1 minute walk from the swimming start and the first transition area. Book your rental now for the period from 5 to 8\/05\/2023 at LE PALAVAS campsite. Offer valid until 01\/31\/2023 for all reservations by phone or internet with the code TRIATH23<\/div><a href=\"https:\/\/www.tohapi.fr\/languedoc-roussillon\/camping-le-palavas.php\" target=\"_blank\" data-id=\"1461\" class=\"logooos_morelink\" style=\"color:#999999\" >Read More<\/a>\t<\/div>\n\t\t\t\t\t\t\t<\/div><div class=\"logooos_item\" data-id=\"1303\" data-title=\"Sportihome\" style=\"background-color:transparent; border-color:#DCDCDC\">\n\t\t\t\t\t\t<a href=\"https:\/\/sportihome.com\/\" target=\"_blank\"><img decoding=\"async\" src=\"https:\/\/challenge-montpellier.com\/wp-content\/uploads\/sites\/53\/2022\/05\/sportihome-logo.png\" title=\"\" style=\"max-width:70% !important; max-height:70% !important;\" alt=\"Sportihome\" \/><\/a><\/div><div class=\"logooos_textcontainer\" style=\"border-bottom-color:#DCDCDC; border-bottom-style:dashed; \">\n\t\t\t\t\t\t\t\t<div class=\"logooos_title\" style=\"color:#777777; font-size:15px; font-weight:bold; \">Sportihome<\/div>\n\t\t\t\t\t\t\t\t<div class=\"logooos_text\" style=\"color:#777777; font-size:12px; \"><div>Sportihome.com est la premi\u00e8re plateforme d'h\u00e9bergement qui connecte les gens \u00e0 travers leurs sports pour une exp\u00e9rience de voyage la plus immersive qui soit. R\u00e9servez en ligne les meilleurs h\u00e9bergements pour pratiquer vos sports favoris ! Envie d'accueillir des sportifs chez vous ? Rejoignez notre communaut\u00e9 d'h\u00f4tes.<\/div><a href=\"https:\/\/sportihome.com\/\" target=\"_blank\" data-id=\"1303\" class=\"logooos_morelink\" style=\"color:#999999\" >Read More<\/a>\t<\/div>\n\t\t\t\t\t\t\t<\/div><div class=\"logooos_item\" data-id=\"1057\" data-title=\"Scop Agroof\" style=\"background-color:transparent; border-color:#DCDCDC\">\n\t\t\t\t\t\t<a  target=\"_blank\"><img decoding=\"async\" src=\"https:\/\/challenge-montpellier.com\/wp-content\/uploads\/sites\/53\/2022\/05\/27b3c529-b171-43fd-bf3e-080fff09bc75.jpg\" title=\"\" style=\"max-width:70% !important; max-height:70% !important;\" alt=\"Scop Agroof\" \/><\/a><\/div><div class=\"logooos_textcontainer\" style=\"border-bottom-color:#DCDCDC; border-bottom-style:dashed; \">\n\t\t\t\t\t\t\t\t<div class=\"logooos_title\" style=\"color:#777777; font-size:15px; font-weight:bold; \">Scop Agroof<\/div>\n\t\t\t\t\t\t\t\t<div class=\"logooos_text\" style=\"color:#777777; font-size:12px; \"><div><\/div>\t<\/div>\n\t\t\t\t\t\t\t<\/div><div class=\"logooos_item\" data-id=\"1305\" data-title=\"Sporteed\" style=\"background-color:transparent; border-color:#DCDCDC\">\n\t\t\t\t\t\t<a href=\"https:\/\/www.sporteed.fr\/\" target=\"_blank\"><img decoding=\"async\" src=\"https:\/\/challenge-montpellier.com\/wp-content\/uploads\/sites\/53\/2022\/05\/sporteed_couleur_tnoir.png\" title=\"\" style=\"max-width:70% !important; max-height:70% !important;\" alt=\"Sporteed\" \/><\/a><\/div><div class=\"logooos_textcontainer\" style=\"border-bottom-color:#DCDCDC; border-bottom-style:dashed; \">\n\t\t\t\t\t\t\t\t<div class=\"logooos_title\" style=\"color:#777777; font-size:15px; font-weight:bold; \">Sporteed<\/div>\n\t\t\t\t\t\t\t\t<div class=\"logooos_text\" style=\"color:#777777; font-size:12px; \"><div>Sporteed.fr, la 1\u00e8re plateforme d'achats et de ventes d'\u00e9quipements de sport, de seconde main, entre particuliers. Profitez des bons plans sur plusieurs dizaines d'articles de sport de grandes marques, dans plus de 100 sports et 4 500 cat\u00e9gories. Sur Sporteed, trouve le bon \u00e9quipement pour ton sport.<\/div><a href=\"https:\/\/www.sporteed.fr\/\" target=\"_blank\" data-id=\"1305\" class=\"logooos_morelink\" style=\"color:#999999\" >Read More<\/a>\t<\/div>\n\t\t\t\t\t\t\t<\/div><div class=\"logooos_item\" data-id=\"1226\" data-title=\"Wahoo\" style=\"background-color:transparent; border-color:#DCDCDC\">\n\t\t\t\t\t\t<a href=\"http:\/\/www.wahoofitness.com\" target=\"_blank\"><img decoding=\"async\" src=\"https:\/\/challenge-montpellier.com\/wp-content\/uploads\/sites\/53\/2022\/05\/wahoo-logo-1.png\" title=\"\" style=\"max-width:70% !important; max-height:70% !important;\" alt=\"Wahoo\" \/><\/a><\/div><div class=\"logooos_textcontainer\" style=\"border-bottom-color:#DCDCDC; border-bottom-style:dashed; \">\n\t\t\t\t\t\t\t\t<div class=\"logooos_title\" style=\"color:#777777; font-size:15px; font-weight:bold; \">Wahoo<\/div>\n\t\t\t\t\t\t\t\t<div class=\"logooos_text\" style=\"color:#777777; font-size:12px; \"><div>Located in Atlanta, GA, Wahoo Fitness has created a full ecosystem of sensors and devices for runners, cyclists and general fitness enthusiasts. Wahoo Fitness\u2019s award-winning line of products includes the KICKR family of smart trainers and accessories, the ELEMNT family of bike computers and the TICKR family of heart rate monitors. Wahoo will be Challenge\u2026<\/div><a href=\"http:\/\/www.wahoofitness.com\" target=\"_blank\" data-id=\"1226\" class=\"logooos_morelink\" style=\"color:#999999\" >Read More<\/a>\t<\/div>\n\t\t\t\t\t\t\t<\/div><div class=\"logooos_item\" data-id=\"712\" data-title=\"Challenge Family\" style=\"background-color:transparent; border-color:#DCDCDC\">\n\t\t\t\t\t\t<a href=\"http:\/\/www.challenge-family.com\" target=\"_blank\"><img decoding=\"async\" src=\"https:\/\/challenge-montpellier.com\/wp-content\/uploads\/sites\/53\/2017\/12\/cf-horizontal-rgb-4.png\" title=\"\" style=\"max-width:70% !important; max-height:70% !important;\" alt=\"Challenge Family\" \/><\/a><\/div><div class=\"logooos_textcontainer\" style=\"border-bottom-color:#DCDCDC; border-bottom-style:dashed; \">\n\t\t\t\t\t\t\t\t<div class=\"logooos_title\" style=\"color:#777777; font-size:15px; font-weight:bold; \">Challenge Family<\/div>\n\t\t\t\t\t\t\t\t<div class=\"logooos_text\" style=\"color:#777777; font-size:12px; \"><div>CHALLENGEFAMILY is the fastest growing global triathlon series. With 41 full and middle distances in 26 different countries, CHALLENGEFAMILY is changing the face of triathlon around the world. Due to spectacular courses in iconic destinations, no CHALLENGEFAMILY race is like another. Focusing on delivering the race of a lifetime to athletes of all ages.<\/div><a href=\"http:\/\/www.challenge-family.com\" target=\"_blank\" data-id=\"712\" class=\"logooos_morelink\" style=\"color:#999999\" >Read More<\/a>\t<\/div>\n\t\t\t\t\t\t\t<\/div><div class=\"logooos_item\" data-id=\"1220\" data-title=\"CORE Nutrition Planning\" style=\"background-color:transparent; border-color:#DCDCDC\">\n\t\t\t\t\t\t<a href=\"https:\/\/www.fuelthecore.com\/\" target=\"_blank\"><img decoding=\"async\" src=\"https:\/\/challenge-montpellier.com\/wp-content\/uploads\/sites\/53\/2022\/05\/core.png\" title=\"\" style=\"max-width:70% !important; max-height:70% !important;\" alt=\"CORE Nutrition Planning\" \/><\/a><\/div><div class=\"logooos_textcontainer\" style=\"border-bottom-color:#DCDCDC; border-bottom-style:dashed; \">\n\t\t\t\t\t\t\t\t<div class=\"logooos_title\" style=\"color:#777777; font-size:15px; font-weight:bold; \">CORE Nutrition Planning<\/div>\n\t\t\t\t\t\t\t\t<div class=\"logooos_text\" style=\"color:#777777; font-size:12px; \"><div>CHALLENGEFAMILY\u00a0has partnered up with Core Nutrition Planning. CORE takes the guess work out of nutrition. All CORE nutrition plans are based on science. Want to see it for yourself? Check the website!<\/div><a href=\"https:\/\/www.fuelthecore.com\/\" target=\"_blank\" data-id=\"1220\" class=\"logooos_morelink\" style=\"color:#999999\" >Read More<\/a>\t<\/div>\n\t\t\t\t\t\t\t<\/div><div class=\"logooos_item\" data-id=\"1224\" data-title=\"ROUVY\" style=\"background-color:transparent; border-color:#DCDCDC\">\n\t\t\t\t\t\t<a href=\"http:\/\/www.rouvy.com.\/\" target=\"_blank\"><img decoding=\"async\" src=\"https:\/\/challenge-montpellier.com\/wp-content\/uploads\/sites\/53\/2022\/05\/rouvy_logo_black.jpg\" title=\"\" style=\"max-width:70% !important; max-height:70% !important;\" alt=\"ROUVY\" \/><\/a><\/div><div class=\"logooos_textcontainer\" style=\"border-bottom-color:#DCDCDC; border-bottom-style:dashed; \">\n\t\t\t\t\t\t\t\t<div class=\"logooos_title\" style=\"color:#777777; font-size:15px; font-weight:bold; \">ROUVY<\/div>\n\t\t\t\t\t\t\t\t<div class=\"logooos_text\" style=\"color:#777777; font-size:12px; \"><div>ROUVY is a digital platform for athletes all over the world to compete, ride or run with friends, complete workouts, and much more. ROUVY offers thousands of stunning video routes and workout options including the ability to race and ride through the entire route catalogue. With fully simulated and realistic efforts.\u00a0 ROUVY is the best\u2026<\/div><a href=\"http:\/\/www.rouvy.com.\/\" target=\"_blank\" data-id=\"1224\" class=\"logooos_morelink\" style=\"color:#999999\" >Read More<\/a>\t<\/div>\n\t\t\t\t\t\t\t<\/div><div class=\"logooos_item\" data-id=\"1055\" data-title=\"MobiCoop\" style=\"background-color:transparent; border-color:#DCDCDC\">\n\t\t\t\t\t\t<a  target=\"_blank\"><img decoding=\"async\" src=\"https:\/\/challenge-montpellier.com\/wp-content\/uploads\/sites\/53\/2022\/05\/unnamed.png\" title=\"\" style=\"max-width:70% !important; max-height:70% !important;\" alt=\"MobiCoop\" \/><\/a><\/div><div class=\"logooos_textcontainer\" style=\"border-bottom-color:#DCDCDC; border-bottom-style:dashed; \">\n\t\t\t\t\t\t\t\t<div class=\"logooos_title\" style=\"color:#777777; font-size:15px; font-weight:bold; \">MobiCoop<\/div>\n\t\t\t\t\t\t\t\t<div class=\"logooos_text\" style=\"color:#777777; font-size:12px; \"><div><\/div>\t<\/div>\n\t\t\t\t\t\t\t<\/div><\/div><\/div>[\/vc_column][\/vc_row]\n<\/div>","protected":false},"excerpt":{"rendered":"<p>[vc_row el_class=\u00a0\u00bbtime-schedule\u00a0\u00bb][vc_column][\/vc_column][\/vc_row]<\/p>\n","protected":false},"author":141,"featured_media":0,"parent":0,"menu_order":0,"comment_status":"closed","ping_status":"closed","template":"","meta":{"footnotes":""},"class_list":["post-1251","page","type-page","status-publish","hentry"],"yoast_head":"<!-- This site is optimized with the Yoast SEO plugin v25.6 - https:\/\/yoast.com\/wordpress\/plugins\/seo\/ -->\n<title>Partenaires - Challenge Montpellier<\/title>\n<meta name=\"robots\" content=\"index, follow, max-snippet:-1, max-image-preview:large, max-video-preview:-1\" \/>\n<link rel=\"canonical\" href=\"https:\/\/challenge-montpellier.com\/fr\/partenaires\/\" \/>\n<meta property=\"og:locale\" content=\"fr_FR\" \/>\n<meta property=\"og:type\" content=\"article\" \/>\n<meta property=\"og:title\" content=\"Partenaires - Challenge Montpellier\" \/>\n<meta property=\"og:description\" content=\"[vc_row el_class=\u00a0\u00bbtime-schedule\u00a0\u00bb][vc_column][\/vc_column][\/vc_row]\" \/>\n<meta property=\"og:url\" content=\"https:\/\/challenge-montpellier.com\/fr\/partenaires\/\" \/>\n<meta property=\"og:site_name\" content=\"Challenge Montpellier\" \/>\n<meta name=\"twitter:card\" content=\"summary_large_image\" \/>\n<script type=\"application\/ld+json\" class=\"yoast-schema-graph\">{\"@context\":\"https:\/\/schema.org\",\"@graph\":[{\"@type\":\"WebPage\",\"@id\":\"https:\/\/challenge-montpellier.com\/fr\/partenaires\/\",\"url\":\"https:\/\/challenge-montpellier.com\/fr\/partenaires\/\",\"name\":\"Partenaires - Challenge Montpellier\",\"isPartOf\":{\"@id\":\"https:\/\/challenge-montpellier.com\/#website\"},\"datePublished\":\"2022-05-11T12:22:25+00:00\",\"breadcrumb\":{\"@id\":\"https:\/\/challenge-montpellier.com\/fr\/partenaires\/#breadcrumb\"},\"inLanguage\":\"fr-FR\",\"potentialAction\":[{\"@type\":\"ReadAction\",\"target\":[\"https:\/\/challenge-montpellier.com\/fr\/partenaires\/\"]}]},{\"@type\":\"BreadcrumbList\",\"@id\":\"https:\/\/challenge-montpellier.com\/fr\/partenaires\/#breadcrumb\",\"itemListElement\":[{\"@type\":\"ListItem\",\"position\":1,\"name\":\"Home\",\"item\":\"https:\/\/challenge-montpellier.com\/fr\/\"},{\"@type\":\"ListItem\",\"position\":2,\"name\":\"Partenaires\"}]},{\"@type\":\"WebSite\",\"@id\":\"https:\/\/challenge-montpellier.com\/#website\",\"url\":\"https:\/\/challenge-montpellier.com\/\",\"name\":\"Challenge Montpellier\",\"description\":\"We are triathlon\",\"potentialAction\":[{\"@type\":\"SearchAction\",\"target\":{\"@type\":\"EntryPoint\",\"urlTemplate\":\"https:\/\/challenge-montpellier.com\/?s={search_term_string}\"},\"query-input\":{\"@type\":\"PropertyValueSpecification\",\"valueRequired\":true,\"valueName\":\"search_term_string\"}}],\"inLanguage\":\"fr-FR\"}]}<\/script>\n<!-- \/ Yoast SEO plugin. -->","yoast_head_json":{"title":"Partenaires - Challenge Montpellier","robots":{"index":"index","follow":"follow","max-snippet":"max-snippet:-1","max-image-preview":"max-image-preview:large","max-video-preview":"max-video-preview:-1"},"canonical":"https:\/\/challenge-montpellier.com\/fr\/partenaires\/","og_locale":"fr_FR","og_type":"article","og_title":"Partenaires - Challenge Montpellier","og_description":"[vc_row el_class=\u00a0\u00bbtime-schedule\u00a0\u00bb][vc_column][\/vc_column][\/vc_row]","og_url":"https:\/\/challenge-montpellier.com\/fr\/partenaires\/","og_site_name":"Challenge Montpellier","twitter_card":"summary_large_image","schema":{"@context":"https:\/\/schema.org","@graph":[{"@type":"WebPage","@id":"https:\/\/challenge-montpellier.com\/fr\/partenaires\/","url":"https:\/\/challenge-montpellier.com\/fr\/partenaires\/","name":"Partenaires - Challenge Montpellier","isPartOf":{"@id":"https:\/\/challenge-montpellier.com\/#website"},"datePublished":"2022-05-11T12:22:25+00:00","breadcrumb":{"@id":"https:\/\/challenge-montpellier.com\/fr\/partenaires\/#breadcrumb"},"inLanguage":"fr-FR","potentialAction":[{"@type":"ReadAction","target":["https:\/\/challenge-montpellier.com\/fr\/partenaires\/"]}]},{"@type":"BreadcrumbList","@id":"https:\/\/challenge-montpellier.com\/fr\/partenaires\/#breadcrumb","itemListElement":[{"@type":"ListItem","position":1,"name":"Home","item":"https:\/\/challenge-montpellier.com\/fr\/"},{"@type":"ListItem","position":2,"name":"Partenaires"}]},{"@type":"WebSite","@id":"https:\/\/challenge-montpellier.com\/#website","url":"https:\/\/challenge-montpellier.com\/","name":"Challenge Montpellier","description":"We are triathlon","potentialAction":[{"@type":"SearchAction","target":{"@type":"EntryPoint","urlTemplate":"https:\/\/challenge-montpellier.com\/?s={search_term_string}"},"query-input":{"@type":"PropertyValueSpecification","valueRequired":true,"valueName":"search_term_string"}}],"inLanguage":"fr-FR"}]}},"_links":{"self":[{"href":"https:\/\/challenge-montpellier.com\/fr\/wp-json\/wp\/v2\/pages\/1251"}],"collection":[{"href":"https:\/\/challenge-montpellier.com\/fr\/wp-json\/wp\/v2\/pages"}],"about":[{"href":"https:\/\/challenge-montpellier.com\/fr\/wp-json\/wp\/v2\/types\/page"}],"author":[{"embeddable":true,"href":"https:\/\/challenge-montpellier.com\/fr\/wp-json\/wp\/v2\/users\/141"}],"replies":[{"embeddable":true,"href":"https:\/\/challenge-montpellier.com\/fr\/wp-json\/wp\/v2\/comments?post=1251"}],"version-history":[{"count":1,"href":"https:\/\/challenge-montpellier.com\/fr\/wp-json\/wp\/v2\/pages\/1251\/revisions"}],"predecessor-version":[{"id":1252,"href":"https:\/\/challenge-montpellier.com\/fr\/wp-json\/wp\/v2\/pages\/1251\/revisions\/1252"}],"wp:attachment":[{"href":"https:\/\/challenge-montpellier.com\/fr\/wp-json\/wp\/v2\/media?parent=1251"}],"curies":[{"name":"wp","href":"https:\/\/api.w.org\/{rel}","templated":true}]}}